{"id":232,"date":"2024-09-19T11:38:26","date_gmt":"2024-09-19T11:38:26","guid":{"rendered":"https:\/\/waldorfastoria-rivieramaya.com\/?page_id=232"},"modified":"2025-08-04T14:31:43","modified_gmt":"2025-08-04T14:31:43","slug":"ofertas","status":"publish","type":"page","link":"https:\/\/waldorfastoria-rivieramaya.com\/es\/ofertas\/","title":{"rendered":"Ofertas"},"content":{"rendered":"<div\n\tclass=\"wac-hero wac-hero--image wac-hero--is-not-bordered wp-block-waldorf-astoria-hero wp-block-hero-\" id=\"wac-hero-69dee8808c406\">\n\t<img loading=\"lazy\" decoding=\"async\" width=\"1024\" height=\"767\" src=\"https:\/\/waldorfastoria-rivieramaya.com\/wp-content\/uploads\/2025\/02\/Aerial-Waldorf-Astoria-Cancun-112914-1-1-1024x767-1.webp\" class=\"wac-hero__image\" alt=\"Vista a\u00e9rea de la propiedad, mostrando la distribuci\u00f3n y el paisaje circundante\" srcset=\"https:\/\/waldorfastoria-rivieramaya.com\/wp-content\/uploads\/2025\/02\/Aerial-Waldorf-Astoria-Cancun-112914-1-1-1024x767-1.webp 1024w, https:\/\/waldorfastoria-rivieramaya.com\/wp-content\/uploads\/2025\/02\/Aerial-Waldorf-Astoria-Cancun-112914-1-1-1024x767-1-300x225.webp 300w, https:\/\/waldorfastoria-rivieramaya.com\/wp-content\/uploads\/2025\/02\/Aerial-Waldorf-Astoria-Cancun-112914-1-1-1024x767-1-768x575.webp 768w\" sizes=\"(max-width: 1024px) 100vw, 1024px\" \/><\/div>\n\t\n\n<span style=\"display: none\">HTTP_CLOUDFRONT_VIEWER_COUNTRY: US<\/span><span style=\"display: none\">pa\u00eds_actual: US<\/span><div style=\"margin-top:var(--wp--preset--spacing--medium);margin-bottom:var(--wp--preset--spacing--medium);\" class=\"wac-offer-list wp-block-waldorf-astoria-offer-list\" id=\"wac-offer-list-69dee880930e6\">\n\t<a name=\"offer-list\"><\/a>\n\n\t<div\n\tclass=\"wac-block-simple-filter wp-block-waldorf-astoria-block-simple-filter\" id=\"wac-block-simple-filter-69dee88094ee3\" data-on-filter-callback=\"\" data-after-filter-callback=\"\" data-filter-name=\"offer-category\">\n\n\t<div class=\"wac-block-simple-filter__list\">\n\t\t<div class=\"wac-block-simple-filter__item\">\n\t\t\t<a href=\"\" class=\"wac-block-simple-filter__link is-active\">Todos<\/a>\n\t\t<\/div>\n\t\t\t\t<div class=\"wac-block-simple-filter__item\">\n\t\t\t<a href=\"#breakfast-included\" class=\"wac-block-simple-filter__link\">DESAYUNO INCLUIDO<\/a>\n\t\t<\/div>\n\t\t\t\t\t<div class=\"wac-block-simple-filter__item\">\n\t\t\t<a href=\"#discount\" class=\"wac-block-simple-filter__link\">Descuento<\/a>\n\t\t<\/div>\n\t\t\t\t\t<div class=\"wac-block-simple-filter__item\">\n\t\t\t<a href=\"#fb-discount\" class=\"wac-block-simple-filter__link\">Descuento en restauraci\u00f3n<\/a>\n\t\t<\/div>\n\t\t\t\t\t<div class=\"wac-block-simple-filter__item\">\n\t\t\t<a href=\"#meals-included\" class=\"wac-block-simple-filter__link\">Comidas incluidas<\/a>\n\t\t<\/div>\n\t\t\t\t\t<div class=\"wac-block-simple-filter__item\">\n\t\t\t<a href=\"#resort-credit\" class=\"wac-block-simple-filter__link\">Cr\u00e9dito en el Resort<\/a>\n\t\t<\/div>\n\t\t\t\t\t<div class=\"wac-block-simple-filter__item\">\n\t\t\t<a href=\"#spa\" class=\"wac-block-simple-filter__link\">Spa<\/a>\n\t\t<\/div>\n\t\t\t\t<\/div>\n\n\t<div class=\"wac-block-simple-filter__mobile\">\n\t\t<select class=\"wac-block-simple-filter__mobile-select\">\n\t\t\t<option class=\"wac-block-simple-filter__mobile-option\" value=\"\">Todos<\/option>\n\t\t\t\t\t\t<option class=\"wac-block-simple-filter__mobile-option\" value=\"breakfast-included\">\n\t\t\t\tDESAYUNO INCLUIDO\t\t\t<\/option>\n\t\t\t\t\t\t\t<option class=\"wac-block-simple-filter__mobile-option\" value=\"discount\">\n\t\t\t\tDescuento\t\t\t<\/option>\n\t\t\t\t\t\t\t<option class=\"wac-block-simple-filter__mobile-option\" value=\"fb-discount\">\n\t\t\t\tDescuento en restauraci\u00f3n\t\t\t<\/option>\n\t\t\t\t\t\t\t<option class=\"wac-block-simple-filter__mobile-option\" value=\"meals-included\">\n\t\t\t\tComidas incluidas\t\t\t<\/option>\n\t\t\t\t\t\t\t<option class=\"wac-block-simple-filter__mobile-option\" value=\"resort-credit\">\n\t\t\t\tCr\u00e9dito en el Resort\t\t\t<\/option>\n\t\t\t\t\t\t\t<option class=\"wac-block-simple-filter__mobile-option\" value=\"spa\">\n\t\t\t\tSpa\t\t\t<\/option>\n\t\t\t\t\t\t<\/select>\n\t<\/div>\n\n<\/div>\n\t\n\t<div class=\"wac-offer-list__list\">\n\t\t\t\t\t<div class=\"wac-offer-list__item wac-offer-list__item--prominent\"\n\t\t\t\tdata-anchor=\"all-inclusive-package\"\n\t\t\t\tdata-filter=\"{&quot;offer-category&quot;:[&quot;meals-included&quot;]}\">\n\n\t\t\t\t<div class=\"wac-offer-list__item-media\">\n\t\t\t\t\t<img loading=\"lazy\" decoding=\"async\" width=\"2560\" height=\"1764\" src=\"https:\/\/cdn.waldorfastoria-rivieramaya.com\/wp-content\/uploads\/2026\/01\/02221955\/WALDORF_CANCUN_POOL_00574-scaled.jpg\" class=\"wac-offer-list__item-image\" alt=\"Escape familiar en Waldorf Astoria Riviera Maya. Resort de lujo familiar y apto para ni\u00f1os.\" srcset=\"https:\/\/cdn.waldorfastoria-rivieramaya.com\/wp-content\/uploads\/2026\/01\/02221955\/WALDORF_CANCUN_POOL_00574-scaled.jpg 2560w, https:\/\/cdn.waldorfastoria-rivieramaya.com\/wp-content\/uploads\/2026\/01\/02221955\/WALDORF_CANCUN_POOL_00574-300x207.jpg 300w, https:\/\/cdn.waldorfastoria-rivieramaya.com\/wp-content\/uploads\/2026\/01\/02221955\/WALDORF_CANCUN_POOL_00574-1024x706.jpg 1024w, https:\/\/cdn.waldorfastoria-rivieramaya.com\/wp-content\/uploads\/2026\/01\/02221955\/WALDORF_CANCUN_POOL_00574-768x529.jpg 768w, https:\/\/cdn.waldorfastoria-rivieramaya.com\/wp-content\/uploads\/2026\/01\/02221955\/WALDORF_CANCUN_POOL_00574-1536x1058.jpg 1536w, https:\/\/cdn.waldorfastoria-rivieramaya.com\/wp-content\/uploads\/2026\/01\/02221955\/WALDORF_CANCUN_POOL_00574-2048x1411.jpg 2048w, https:\/\/cdn.waldorfastoria-rivieramaya.com\/wp-content\/uploads\/2026\/01\/02221955\/WALDORF_CANCUN_POOL_00574-18x12.jpg 18w\" sizes=\"(max-width: 2560px) 100vw, 2560px\" \/>\t\t\t\t\t\n\t\t\t\t\t\t\t\t\t\t\t<div class=\"wac-offer-list__item-tags is-tag-list\">\n\t\t\t\t\t\t\t\t\t\t\t\t\t\t\t<a href=\"https:\/\/waldorfastoria-rivieramaya.com\/es\/ofertas\/?offer-category=meals-included\" class=\"wac-offer-list__item-tag is-tag-item\" target=\"_self\">\n\t\t\t\t\t\t\t\t\tComidas incluidas\t\t\t\t\t\t\t\t<\/a>\n\t\t\t\t\t\t\t\t\t\t\t\t\t<\/div>\n\t\t\t\t\t\t\t\t\t<\/div>\n\n\t\t\t\t<div class=\"wac-offer-list__item-content\">\n\t\t\t\t\t<h2 class=\"wac-offer-list__item-title\">\n\t\t\t\t\t\tPaquete Todo Incluido\t\t\t\t\t<\/h2>\n\n\t\t\t\t\t\t\t\t\t\t\t<div class=\"wac-offer-list__item-excerpt is-text\">\n\t\t\t\t\t\t\tEn Waldorf Astoria Riviera Maya, nuestro paquete Todo Incluido es un plan indulgente que te invita a saborear cada momento a trav\u00e9s de una fusi\u00f3n perfecta de gastronom\u00eda de primer nivel, servicio personalizado y bienestar integral.\t\t\t\t\t\t<\/div>\n\t\t\t\t\t\n\t\t\t\t\t<div class=\"wac-offer-list__item-actions is-action-list\">\n\t\t\t\t\t\t\t\t\t\t\t\t\t<div class=\"wac-offer-list__item-action-item is-action-item\">\n\t\t\t\t\t\t\t\t<a href=\"https:\/\/www.hilton.com\/en\/book\/reservation\/deeplink\/?&#038;ctyhocn=CUNWAWA&#038;spec_plan=P3&#038;requestedRatesOnly=true&#038;arrivalDate=2026-06-10&#038;departureDate=2026-06-13&#038;flexibleDates=true\" class=\"wac-offer-list__item-action is-action-link nice-button nice-button--is-featured\" target=\"_blank\" rel=\"noopener\">\n\t\t\t\t\t\t\t\t\tReserve ahora\t\t\t\t\t\t\t\t<\/a>\n\t\t\t\t\t\t\t<\/div>\n\t\t\t\t\t\t\n\t\t\t\t\t\t<!-- Learn more button -->\n\t\t\t\t\t\t<div class=\"wac-offer-list__item-action-item is-action-item\">\n\t\t\t\t\t\t\t<a href=\"https:\/\/waldorfastoria-rivieramaya.com\/es\/ofertas\/todas-las-comidas-incluidas\/\" class=\"wac-offer-list__item-action is-action-link nice-button nice-button--is-regular\" target=\"_self\">\n\t\t\t\t\t\t\t\tM\u00e1s informaci\u00f3n\t\t\t\t\t\t\t<\/a>\n\t\t\t\t\t\t<\/div>\n\t\t\t\t\t<\/div>\n\t\t\t\t<\/div>\n\t\t\t<\/div>\n\t\t\t\t\t\t<div class=\"wac-offer-list__item wac-offer-list__item--prominent\"\n\t\t\t\tdata-anchor=\"just-one-more-night\"\n\t\t\t\tdata-filter=\"{&quot;offer-category&quot;:[&quot;discount&quot;]}\">\n\n\t\t\t\t<div class=\"wac-offer-list__item-media\">\n\t\t\t\t\t<img loading=\"lazy\" decoding=\"async\" width=\"2560\" height=\"1708\" src=\"https:\/\/cdn.waldorfastoria-rivieramaya.com\/wp-content\/uploads\/2026\/01\/02221922\/HILTON_WA_RIVIERA-MAYA_STILLS_SUITE_00706-scaled.jpg\" class=\"wac-offer-list__item-image\" alt=\"Boda, Parejas celebrando rom\u00e1ntico aniversario en Waldorf Astoria Riviera Maya\" srcset=\"https:\/\/cdn.waldorfastoria-rivieramaya.com\/wp-content\/uploads\/2026\/01\/02221922\/HILTON_WA_RIVIERA-MAYA_STILLS_SUITE_00706-scaled.jpg 2560w, https:\/\/cdn.waldorfastoria-rivieramaya.com\/wp-content\/uploads\/2026\/01\/02221922\/HILTON_WA_RIVIERA-MAYA_STILLS_SUITE_00706-300x200.jpg 300w, https:\/\/cdn.waldorfastoria-rivieramaya.com\/wp-content\/uploads\/2026\/01\/02221922\/HILTON_WA_RIVIERA-MAYA_STILLS_SUITE_00706-1024x683.jpg 1024w, https:\/\/cdn.waldorfastoria-rivieramaya.com\/wp-content\/uploads\/2026\/01\/02221922\/HILTON_WA_RIVIERA-MAYA_STILLS_SUITE_00706-768x512.jpg 768w, https:\/\/cdn.waldorfastoria-rivieramaya.com\/wp-content\/uploads\/2026\/01\/02221922\/HILTON_WA_RIVIERA-MAYA_STILLS_SUITE_00706-1536x1025.jpg 1536w, https:\/\/cdn.waldorfastoria-rivieramaya.com\/wp-content\/uploads\/2026\/01\/02221922\/HILTON_WA_RIVIERA-MAYA_STILLS_SUITE_00706-2048x1366.jpg 2048w, https:\/\/cdn.waldorfastoria-rivieramaya.com\/wp-content\/uploads\/2026\/01\/02221922\/HILTON_WA_RIVIERA-MAYA_STILLS_SUITE_00706-18x12.jpg 18w\" sizes=\"(max-width: 2560px) 100vw, 2560px\" \/>\t\t\t\t\t\n\t\t\t\t\t\t\t\t\t\t\t<div class=\"wac-offer-list__item-tags is-tag-list\">\n\t\t\t\t\t\t\t\t\t\t\t\t\t\t\t<a href=\"https:\/\/waldorfastoria-rivieramaya.com\/es\/ofertas\/?offer-category=discount\" class=\"wac-offer-list__item-tag is-tag-item\" target=\"_self\">\n\t\t\t\t\t\t\t\t\tDescuento\t\t\t\t\t\t\t\t<\/a>\n\t\t\t\t\t\t\t\t\t\t\t\t\t<\/div>\n\t\t\t\t\t\t\t\t\t<\/div>\n\n\t\t\t\t<div class=\"wac-offer-list__item-content\">\n\t\t\t\t\t<h2 class=\"wac-offer-list__item-title\">\n\t\t\t\t\t\tS\u00f3lo una noche m\u00e1s\t\t\t\t\t<\/h2>\n\n\t\t\t\t\t\t\t\t\t\t\t<div class=\"wac-offer-list__item-excerpt is-text\">\n\t\t\t\t\t\t\tA veces, una noche m\u00e1s marca la diferencia. Ampl\u00ede su estancia y disfrute de un ahorro de 25%, aplicado como una cuarta noche de cortes\u00eda.\nPermanezca m\u00e1s tiempo en la serenidad de la Riviera Maya, para saborear una cena inspirada, bienestar reparador, y el lujo sin esfuerzo que define Waldorf Astoria Riviera Maya.\n\nPorque las escapadas inolvidables merecen una noche m\u00e1s.\t\t\t\t\t\t<\/div>\n\t\t\t\t\t\n\t\t\t\t\t<div class=\"wac-offer-list__item-actions is-action-list\">\n\t\t\t\t\t\t\t\t\t\t\t\t\t<div class=\"wac-offer-list__item-action-item is-action-item\">\n\t\t\t\t\t\t\t\t<a href=\"https:\/\/www.hilton.com\/en\/book\/reservation\/deeplink\/?&#038;ctyhocn=CUNWAWA&#038;srpCodes=OY&#038;arrivalDate=2026-02-01&#038;departureDate=2026-02-05&#038;flexibleDates=true\" class=\"wac-offer-list__item-action is-action-link nice-button nice-button--is-featured\" target=\"_blank\" rel=\"noopener\">\n\t\t\t\t\t\t\t\t\tReserve ahora\t\t\t\t\t\t\t\t<\/a>\n\t\t\t\t\t\t\t<\/div>\n\t\t\t\t\t\t\n\t\t\t\t\t\t<!-- Learn more button -->\n\t\t\t\t\t\t<div class=\"wac-offer-list__item-action-item is-action-item\">\n\t\t\t\t\t\t\t<a href=\"https:\/\/waldorfastoria-rivieramaya.com\/es\/ofertas\/solo-una-noche-mas\/\" class=\"wac-offer-list__item-action is-action-link nice-button nice-button--is-regular\" target=\"_self\">\n\t\t\t\t\t\t\t\tM\u00e1s informaci\u00f3n\t\t\t\t\t\t\t<\/a>\n\t\t\t\t\t\t<\/div>\n\t\t\t\t\t<\/div>\n\t\t\t\t<\/div>\n\t\t\t<\/div>\n\t\t\t\t\t\t<div class=\"wac-offer-list__item\"\n\t\t\t\tdata-anchor=\"resort-credit-offer\"\n\t\t\t\tdata-filter=\"{&quot;offer-category&quot;:[&quot;resort-credit&quot;]}\">\n\n\t\t\t\t<div class=\"wac-offer-list__item-media\">\n\t\t\t\t\t<img loading=\"lazy\" decoding=\"async\" width=\"2109\" height=\"1185\" src=\"https:\/\/cdn.waldorfastoria-rivieramaya.com\/wp-content\/uploads\/2026\/01\/02221742\/HILTON_WA_RIVIERA-MAYA_STILLS_DRONE_DJI_0395.jpg\" class=\"wac-offer-list__item-image\" alt=\"Suite, suite de lujo para luna de miel. Waldorf Astoria Riviera Maya\" srcset=\"https:\/\/cdn.waldorfastoria-rivieramaya.com\/wp-content\/uploads\/2026\/01\/02221742\/HILTON_WA_RIVIERA-MAYA_STILLS_DRONE_DJI_0395.jpg 2109w, https:\/\/cdn.waldorfastoria-rivieramaya.com\/wp-content\/uploads\/2026\/01\/02221742\/HILTON_WA_RIVIERA-MAYA_STILLS_DRONE_DJI_0395-300x169.jpg 300w, https:\/\/cdn.waldorfastoria-rivieramaya.com\/wp-content\/uploads\/2026\/01\/02221742\/HILTON_WA_RIVIERA-MAYA_STILLS_DRONE_DJI_0395-1024x575.jpg 1024w, https:\/\/cdn.waldorfastoria-rivieramaya.com\/wp-content\/uploads\/2026\/01\/02221742\/HILTON_WA_RIVIERA-MAYA_STILLS_DRONE_DJI_0395-768x432.jpg 768w, https:\/\/cdn.waldorfastoria-rivieramaya.com\/wp-content\/uploads\/2026\/01\/02221742\/HILTON_WA_RIVIERA-MAYA_STILLS_DRONE_DJI_0395-1536x863.jpg 1536w, https:\/\/cdn.waldorfastoria-rivieramaya.com\/wp-content\/uploads\/2026\/01\/02221742\/HILTON_WA_RIVIERA-MAYA_STILLS_DRONE_DJI_0395-2048x1151.jpg 2048w, https:\/\/cdn.waldorfastoria-rivieramaya.com\/wp-content\/uploads\/2026\/01\/02221742\/HILTON_WA_RIVIERA-MAYA_STILLS_DRONE_DJI_0395-18x10.jpg 18w\" sizes=\"(max-width: 2109px) 100vw, 2109px\" \/>\t\t\t\t\t\n\t\t\t\t\t\t\t\t\t\t\t<div class=\"wac-offer-list__item-tags is-tag-list\">\n\t\t\t\t\t\t\t\t\t\t\t\t\t\t\t<a href=\"https:\/\/waldorfastoria-rivieramaya.com\/es\/ofertas\/?offer-category=resort-credit\" class=\"wac-offer-list__item-tag is-tag-item\" target=\"_self\">\n\t\t\t\t\t\t\t\t\tCr\u00e9dito en el Resort\t\t\t\t\t\t\t\t<\/a>\n\t\t\t\t\t\t\t\t\t\t\t\t\t<\/div>\n\t\t\t\t\t\t\t\t\t<\/div>\n\n\t\t\t\t<div class=\"wac-offer-list__item-content\">\n\t\t\t\t\t<h2 class=\"wac-offer-list__item-title\">\n\t\t\t\t\t\tOferta de Resort Credit\t\t\t\t\t<\/h2>\n\n\t\t\t\t\t\t\t\t\t\t\t<div class=\"wac-offer-list__item-excerpt is-text\">\n\t\t\t\t\t\t\tEleve su escapada a la Riviera Maya con ahorros refinados y privilegios indulgentes en Waldorf Astoria Riviera Maya. Disfrute de hasta 25% de descuento en nuestra Mejor Tarifa Disponible al reservar una Habitaci\u00f3n o Suite Premium, adem\u00e1s de un cr\u00e9dito de resort de $150-$500 por estancia para saborear cenas a medida, bienestar y experiencias curadas.\t\t\t\t\t\t<\/div>\n\t\t\t\t\t\n\t\t\t\t\t<div class=\"wac-offer-list__item-actions is-action-list\">\n\t\t\t\t\t\t\t\t\t\t\t\t\t<div class=\"wac-offer-list__item-action-item is-action-item\">\n\t\t\t\t\t\t\t\t<a href=\"https:\/\/www.hilton.com\/en\/book\/reservation\/deeplink\/?&#038;ctyhocn=CUNWAWA&#038;srpCodes=PGAIRO&#038;arrivalDate=2026-04-15&#038;departureDate=2026-10-31&#038;flexibleDates=true\" class=\"wac-offer-list__item-action is-action-link nice-button nice-button--is-featured\" target=\"_blank\" rel=\"noopener\">\n\t\t\t\t\t\t\t\t\tReserve ahora\t\t\t\t\t\t\t\t<\/a>\n\t\t\t\t\t\t\t<\/div>\n\t\t\t\t\t\t\n\t\t\t\t\t\t<!-- Learn more button -->\n\t\t\t\t\t\t<div class=\"wac-offer-list__item-action-item is-action-item\">\n\t\t\t\t\t\t\t<a href=\"https:\/\/waldorfastoria-rivieramaya.com\/es\/ofertas\/haz-mi-estancia\/\" class=\"wac-offer-list__item-action is-action-link nice-button nice-button--is-regular\" target=\"_self\">\n\t\t\t\t\t\t\t\tM\u00e1s informaci\u00f3n\t\t\t\t\t\t\t<\/a>\n\t\t\t\t\t\t<\/div>\n\t\t\t\t\t<\/div>\n\t\t\t\t<\/div>\n\t\t\t<\/div>\n\t\t\t\t\t\t<div class=\"wac-offer-list__item\"\n\t\t\t\tdata-anchor=\"breakfast-included\"\n\t\t\t\tdata-filter=\"{&quot;offer-category&quot;:[&quot;breakfast-included&quot;]}\">\n\n\t\t\t\t<div class=\"wac-offer-list__item-media\">\n\t\t\t\t\t<img loading=\"lazy\" decoding=\"async\" width=\"1000\" height=\"1500\" src=\"https:\/\/cdn.waldorfastoria-rivieramaya.com\/wp-content\/uploads\/2025\/06\/06193256\/DSC00066.jpg\" class=\"wac-offer-list__item-image\" alt=\"Un delicioso desayuno elegantemente servido en la mesa para disfrute del cliente.\" srcset=\"https:\/\/cdn.waldorfastoria-rivieramaya.com\/wp-content\/uploads\/2025\/06\/06193256\/DSC00066.jpg 1000w, https:\/\/cdn.waldorfastoria-rivieramaya.com\/wp-content\/uploads\/2025\/06\/06193256\/DSC00066-200x300.jpg 200w, https:\/\/cdn.waldorfastoria-rivieramaya.com\/wp-content\/uploads\/2025\/06\/06193256\/DSC00066-683x1024.jpg 683w, https:\/\/cdn.waldorfastoria-rivieramaya.com\/wp-content\/uploads\/2025\/06\/06193256\/DSC00066-768x1152.jpg 768w, https:\/\/cdn.waldorfastoria-rivieramaya.com\/wp-content\/uploads\/2025\/06\/06193256\/DSC00066-8x12.jpg 8w\" sizes=\"(max-width: 1000px) 100vw, 1000px\" \/>\t\t\t\t\t\n\t\t\t\t\t\t\t\t\t\t\t<div class=\"wac-offer-list__item-tags is-tag-list\">\n\t\t\t\t\t\t\t\t\t\t\t\t\t\t\t<a href=\"https:\/\/waldorfastoria-rivieramaya.com\/es\/ofertas\/?offer-category=breakfast-included\" class=\"wac-offer-list__item-tag is-tag-item\" target=\"_self\">\n\t\t\t\t\t\t\t\t\tDESAYUNO INCLUIDO\t\t\t\t\t\t\t\t<\/a>\n\t\t\t\t\t\t\t\t\t\t\t\t\t<\/div>\n\t\t\t\t\t\t\t\t\t<\/div>\n\n\t\t\t\t<div class=\"wac-offer-list__item-content\">\n\t\t\t\t\t<h2 class=\"wac-offer-list__item-title\">\n\t\t\t\t\t\tDesayuno incluido\t\t\t\t\t<\/h2>\n\n\t\t\t\t\t\t\t\t\t\t\t<div class=\"wac-offer-list__item-excerpt is-text\">\n\t\t\t\t\t\t\tEn el Waldorf Astoria Riviera Maya, las ma\u00f1anas son tan exquisitas como el entorno. Comience el d\u00eda con un desayuno a la carta gratuito, elaborado con ingredientes locales y servido en un entorno sereno frente al mar.\t\t\t\t\t\t<\/div>\n\t\t\t\t\t\n\t\t\t\t\t<div class=\"wac-offer-list__item-actions is-action-list\">\n\t\t\t\t\t\t\t\t\t\t\t\t\t<div class=\"wac-offer-list__item-action-item is-action-item\">\n\t\t\t\t\t\t\t\t<a href=\"https:\/\/www.hilton.com\/en\/book\/reservation\/flexibledates\/?ctyhocn=CUNWAWA&#038;arrivalDate=2025-09-18&#038;departureDate=2025-09-19&#038;groupCode=PGBB01&#038;room1NumAdults=1&#038;cid=OM%2CWW%2CHILTONLINK%2CEN%2CDirectLink\" class=\"wac-offer-list__item-action is-action-link nice-button nice-button--is-featured\" target=\"_blank\" rel=\"noopener\">\n\t\t\t\t\t\t\t\t\tReserve ahora\t\t\t\t\t\t\t\t<\/a>\n\t\t\t\t\t\t\t<\/div>\n\t\t\t\t\t\t\n\t\t\t\t\t\t<!-- Learn more button -->\n\t\t\t\t\t\t<div class=\"wac-offer-list__item-action-item is-action-item\">\n\t\t\t\t\t\t\t<a href=\"https:\/\/waldorfastoria-rivieramaya.com\/es\/ofertas\/el-desayuno-incluido\/\" class=\"wac-offer-list__item-action is-action-link nice-button nice-button--is-regular\" target=\"_self\">\n\t\t\t\t\t\t\t\tM\u00e1s informaci\u00f3n\t\t\t\t\t\t\t<\/a>\n\t\t\t\t\t\t<\/div>\n\t\t\t\t\t<\/div>\n\t\t\t\t<\/div>\n\t\t\t<\/div>\n\t\t\t\t\t\t<div class=\"wac-offer-list__item\"\n\t\t\t\tdata-anchor=\"stay-longer-in-paradise\"\n\t\t\t\tdata-filter=\"{&quot;offer-category&quot;:[&quot;discount&quot;]}\">\n\n\t\t\t\t<div class=\"wac-offer-list__item-media\">\n\t\t\t\t\t<img loading=\"lazy\" decoding=\"async\" width=\"2560\" height=\"1707\" src=\"https:\/\/cdn.waldorfastoria-rivieramaya.com\/wp-content\/uploads\/2025\/09\/08171715\/Waldorf-Astoria-Cancun-Hero-Image-scaled.jpg\" class=\"wac-offer-list__item-image\" alt=\"Imagen Heroica del Waldorf Astoria Riviera Maya. Resort ic\u00f3nico en Riviera Maya y Canc\u00fan.\" srcset=\"https:\/\/cdn.waldorfastoria-rivieramaya.com\/wp-content\/uploads\/2025\/09\/08171715\/Waldorf-Astoria-Cancun-Hero-Image-scaled.jpg 2560w, https:\/\/cdn.waldorfastoria-rivieramaya.com\/wp-content\/uploads\/2025\/09\/08171715\/Waldorf-Astoria-Cancun-Hero-Image-300x200.jpg 300w, https:\/\/cdn.waldorfastoria-rivieramaya.com\/wp-content\/uploads\/2025\/09\/08171715\/Waldorf-Astoria-Cancun-Hero-Image-1024x683.jpg 1024w, https:\/\/cdn.waldorfastoria-rivieramaya.com\/wp-content\/uploads\/2025\/09\/08171715\/Waldorf-Astoria-Cancun-Hero-Image-768x512.jpg 768w, https:\/\/cdn.waldorfastoria-rivieramaya.com\/wp-content\/uploads\/2025\/09\/08171715\/Waldorf-Astoria-Cancun-Hero-Image-1536x1024.jpg 1536w, https:\/\/cdn.waldorfastoria-rivieramaya.com\/wp-content\/uploads\/2025\/09\/08171715\/Waldorf-Astoria-Cancun-Hero-Image-2048x1365.jpg 2048w, https:\/\/cdn.waldorfastoria-rivieramaya.com\/wp-content\/uploads\/2025\/09\/08171715\/Waldorf-Astoria-Cancun-Hero-Image-18x12.jpg 18w\" sizes=\"(max-width: 2560px) 100vw, 2560px\" \/>\t\t\t\t\t\n\t\t\t\t\t\t\t\t\t\t\t<div class=\"wac-offer-list__item-tags is-tag-list\">\n\t\t\t\t\t\t\t\t\t\t\t\t\t\t\t<a href=\"https:\/\/waldorfastoria-rivieramaya.com\/es\/ofertas\/?offer-category=discount\" class=\"wac-offer-list__item-tag is-tag-item\" target=\"_self\">\n\t\t\t\t\t\t\t\t\tDescuento\t\t\t\t\t\t\t\t<\/a>\n\t\t\t\t\t\t\t\t\t\t\t\t\t<\/div>\n\t\t\t\t\t\t\t\t\t<\/div>\n\n\t\t\t\t<div class=\"wac-offer-list__item-content\">\n\t\t\t\t\t<h2 class=\"wac-offer-list__item-title\">\n\t\t\t\t\t\tStay Longer in Paradise\t\t\t\t\t<\/h2>\n\n\t\t\t\t\t\t\t\t\t\t\t<div class=\"wac-offer-list__item-excerpt is-text\">\n\t\t\t\t\t\t\tAhorre hasta 20% al reservar el paquete Stay Longer in Paradise en hoteles selectos del Caribe, M\u00e9xico, Hawai y m\u00e1s.\r\n\t\t\t\t\t\t<\/div>\n\t\t\t\t\t\n\t\t\t\t\t<div class=\"wac-offer-list__item-actions is-action-list\">\n\t\t\t\t\t\t\t\t\t\t\t\t\t<div class=\"wac-offer-list__item-action-item is-action-item\">\n\t\t\t\t\t\t\t\t<a href=\"https:\/\/www.hilton.com\/en\/book\/reservation\/deeplink\/?&#038;ctyhocn=CUNWAWA&#038;srpCodes=RPSPRO&#038;arrivalDate=2025-08-1&#038;departureDate=2025-08-6&#038;flexibleDates=true\" class=\"wac-offer-list__item-action is-action-link nice-button nice-button--is-featured\" target=\"_blank\" rel=\"noopener\">\n\t\t\t\t\t\t\t\t\tReserve ahora\t\t\t\t\t\t\t\t<\/a>\n\t\t\t\t\t\t\t<\/div>\n\t\t\t\t\t\t\n\t\t\t\t\t\t<!-- Learn more button -->\n\t\t\t\t\t\t<div class=\"wac-offer-list__item-action-item is-action-item\">\n\t\t\t\t\t\t\t<a href=\"https:\/\/waldorfastoria-rivieramaya.com\/es\/ofertas\/quedate-mas-tiempo-en-el-paraiso\/\" class=\"wac-offer-list__item-action is-action-link nice-button nice-button--is-regular\" target=\"_self\">\n\t\t\t\t\t\t\t\tM\u00e1s informaci\u00f3n\t\t\t\t\t\t\t<\/a>\n\t\t\t\t\t\t<\/div>\n\t\t\t\t\t<\/div>\n\t\t\t\t<\/div>\n\t\t\t<\/div>\n\t\t\t\t\t\t<div class=\"wac-offer-list__item\"\n\t\t\t\tdata-anchor=\"digital-detox-retreat\"\n\t\t\t\tdata-filter=\"{&quot;offer-category&quot;:[&quot;fb-discount&quot;,&quot;spa&quot;]}\">\n\n\t\t\t\t<div class=\"wac-offer-list__item-media\">\n\t\t\t\t\t<img loading=\"lazy\" decoding=\"async\" width=\"2560\" height=\"1707\" src=\"https:\/\/cdn.waldorfastoria-rivieramaya.com\/wp-content\/uploads\/2025\/09\/18220634\/Yoga-Waldorf-Astoria-scaled.jpg\" class=\"wac-offer-list__item-image\" alt=\"Waldorf Astoria Riviera Maya, experiencias de yoga y bienestar.\" srcset=\"https:\/\/cdn.waldorfastoria-rivieramaya.com\/wp-content\/uploads\/2025\/09\/18220634\/Yoga-Waldorf-Astoria-scaled.jpg 2560w, https:\/\/cdn.waldorfastoria-rivieramaya.com\/wp-content\/uploads\/2025\/09\/18220634\/Yoga-Waldorf-Astoria-300x200.jpg 300w, https:\/\/cdn.waldorfastoria-rivieramaya.com\/wp-content\/uploads\/2025\/09\/18220634\/Yoga-Waldorf-Astoria-1024x683.jpg 1024w, https:\/\/cdn.waldorfastoria-rivieramaya.com\/wp-content\/uploads\/2025\/09\/18220634\/Yoga-Waldorf-Astoria-768x512.jpg 768w, https:\/\/cdn.waldorfastoria-rivieramaya.com\/wp-content\/uploads\/2025\/09\/18220634\/Yoga-Waldorf-Astoria-1536x1024.jpg 1536w, https:\/\/cdn.waldorfastoria-rivieramaya.com\/wp-content\/uploads\/2025\/09\/18220634\/Yoga-Waldorf-Astoria-2048x1365.jpg 2048w, https:\/\/cdn.waldorfastoria-rivieramaya.com\/wp-content\/uploads\/2025\/09\/18220634\/Yoga-Waldorf-Astoria-18x12.jpg 18w\" sizes=\"(max-width: 2560px) 100vw, 2560px\" \/>\t\t\t\t\t\n\t\t\t\t\t\t\t\t\t\t\t<div class=\"wac-offer-list__item-tags is-tag-list\">\n\t\t\t\t\t\t\t\t\t\t\t\t\t\t\t<a href=\"https:\/\/waldorfastoria-rivieramaya.com\/es\/ofertas\/?offer-category=fb-discount\" class=\"wac-offer-list__item-tag is-tag-item\" target=\"_self\">\n\t\t\t\t\t\t\t\t\tDescuento en restauraci\u00f3n\t\t\t\t\t\t\t\t<\/a>\n\t\t\t\t\t\t\t\t\t\t\t\t\t\t\t<a href=\"https:\/\/waldorfastoria-rivieramaya.com\/es\/ofertas\/?offer-category=spa\" class=\"wac-offer-list__item-tag is-tag-item\" target=\"_self\">\n\t\t\t\t\t\t\t\t\tSpa\t\t\t\t\t\t\t\t<\/a>\n\t\t\t\t\t\t\t\t\t\t\t\t\t<\/div>\n\t\t\t\t\t\t\t\t\t<\/div>\n\n\t\t\t\t<div class=\"wac-offer-list__item-content\">\n\t\t\t\t\t<h2 class=\"wac-offer-list__item-title\">\n\t\t\t\t\t\tDigital Detox Retreat\t\t\t\t\t<\/h2>\n\n\t\t\t\t\t\t\t\t\t\t\t<div class=\"wac-offer-list__item-excerpt is-text\">\n\t\t\t\t\t\t\tUna escapada dise\u00f1ada para restablecer el equilibrio, despertar los sentidos y sumergirse en rituales de bienestar inspirados en el Viaje a Ceiba. En este para\u00edso sin tecnolog\u00eda, redescubra el arte de la presencia a trav\u00e9s de experiencias conscientes, tranquilidad frente al mar y un servicio personalizado.\t\t\t\t\t\t<\/div>\n\t\t\t\t\t\n\t\t\t\t\t<div class=\"wac-offer-list__item-actions is-action-list\">\n\t\t\t\t\t\t\t\t\t\t\t\t\t<div class=\"wac-offer-list__item-action-item is-action-item\">\n\t\t\t\t\t\t\t\t<a href=\"https:\/\/www.hilton.com\/en\/book\/reservation\/deeplink\/?ctyhocn=CUNWAWA&#038;arrivaldate=2025-05-29&#038;departuredate=2025-05-31&#038;flexibleDates=true&#038;numAdults=2&#038;numRooms=1&#038;roomTypeCode=K1KVO1,K1LVO,K1RP,K1RRD,K1RV,K1RVP1,K1RVU1,K1RVX1,K1ZVU1,Q2LVO,Q2RP,Q2RRD,Q2RV,Q2RVX1,R3QVL2,R3RFR2,R3SVR2,R3TRR2,R5QVU3&#038;srpCodes=P1\" class=\"wac-offer-list__item-action is-action-link nice-button nice-button--is-featured\" target=\"_blank\" rel=\"noopener\">\n\t\t\t\t\t\t\t\t\tReserve ahora\t\t\t\t\t\t\t\t<\/a>\n\t\t\t\t\t\t\t<\/div>\n\t\t\t\t\t\t\n\t\t\t\t\t\t<!-- Learn more button -->\n\t\t\t\t\t\t<div class=\"wac-offer-list__item-action-item is-action-item\">\n\t\t\t\t\t\t\t<a href=\"https:\/\/waldorfastoria-rivieramaya.com\/es\/ofertas\/retiro-de-desintoxicacion-digital\/\" class=\"wac-offer-list__item-action is-action-link nice-button nice-button--is-regular\" target=\"_self\">\n\t\t\t\t\t\t\t\tM\u00e1s informaci\u00f3n\t\t\t\t\t\t\t<\/a>\n\t\t\t\t\t\t<\/div>\n\t\t\t\t\t<\/div>\n\t\t\t\t<\/div>\n\t\t\t<\/div>\n\t\t\t\t<\/div>\n\n\t<div class=\"wac-offer-list__action\">\n\t\t<a href=\"#offer-list\" class=\"wac-offer-list__action-button nice-button\">\n\t\t\tSubir\t\t<\/a>\n\t<\/div>\n\n<\/div>","protected":false},"excerpt":{"rendered":"","protected":false},"author":1,"featured_media":0,"parent":0,"menu_order":12,"comment_status":"closed","ping_status":"closed","template":"","meta":{"_acf_changed":false,"footnotes":""},"class_list":["post-232","page","type-page","status-publish","hentry"],"acf":[],"_links":{"self":[{"href":"https:\/\/waldorfastoria-rivieramaya.com\/es\/wp-json\/wp\/v2\/pages\/232","targetHints":{"allow":["GET"]}}],"collection":[{"href":"https:\/\/waldorfastoria-rivieramaya.com\/es\/wp-json\/wp\/v2\/pages"}],"about":[{"href":"https:\/\/waldorfastoria-rivieramaya.com\/es\/wp-json\/wp\/v2\/types\/page"}],"author":[{"embeddable":true,"href":"https:\/\/waldorfastoria-rivieramaya.com\/es\/wp-json\/wp\/v2\/users\/1"}],"replies":[{"embeddable":true,"href":"https:\/\/waldorfastoria-rivieramaya.com\/es\/wp-json\/wp\/v2\/comments?post=232"}],"version-history":[{"count":27,"href":"https:\/\/waldorfastoria-rivieramaya.com\/es\/wp-json\/wp\/v2\/pages\/232\/revisions"}],"predecessor-version":[{"id":3025,"href":"https:\/\/waldorfastoria-rivieramaya.com\/es\/wp-json\/wp\/v2\/pages\/232\/revisions\/3025"}],"wp:attachment":[{"href":"https:\/\/waldorfastoria-rivieramaya.com\/es\/wp-json\/wp\/v2\/media?parent=232"}],"curies":[{"name":"wp","href":"https:\/\/api.w.org\/{rel}","templated":true}]}}