{"id":235,"date":"2024-09-19T11:39:07","date_gmt":"2024-09-19T11:39:07","guid":{"rendered":"https:\/\/waldorfastoria-rivieramaya.com\/?page_id=235"},"modified":"2025-07-25T14:48:31","modified_gmt":"2025-07-25T14:48:31","slug":"galeria","status":"publish","type":"page","link":"https:\/\/waldorfastoria-rivieramaya.com\/es\/galeria\/","title":{"rendered":"Galer\u00eda"},"content":{"rendered":"<div\n\tclass=\"wac-hero wac-hero--image wac-hero--is-bordered wp-block-waldorf-astoria-hero wp-block-hero-\" id=\"wac-hero-69dee5ad40289\">\n\t<img loading=\"lazy\" decoding=\"async\" width=\"1920\" height=\"1051\" src=\"https:\/\/waldorfastoria-rivieramaya.com\/wp-content\/uploads\/2025\/02\/hero-gallery-1.webp\" class=\"wac-hero__image\" alt=\"Vista a\u00e9rea del Waldorf Astoria Canc\u00fan, que muestra su elegante arquitectura junto al mar turquesa, rodeado de exuberante vegetaci\u00f3n y piscinas infinitas.\" srcset=\"https:\/\/waldorfastoria-rivieramaya.com\/wp-content\/uploads\/2025\/02\/hero-gallery-1.webp 1920w, https:\/\/waldorfastoria-rivieramaya.com\/wp-content\/uploads\/2025\/02\/hero-gallery-1-300x164.webp 300w, https:\/\/waldorfastoria-rivieramaya.com\/wp-content\/uploads\/2025\/02\/hero-gallery-1-1024x561.webp 1024w, https:\/\/waldorfastoria-rivieramaya.com\/wp-content\/uploads\/2025\/02\/hero-gallery-1-768x420.webp 768w, https:\/\/waldorfastoria-rivieramaya.com\/wp-content\/uploads\/2025\/02\/hero-gallery-1-1536x841.webp 1536w\" sizes=\"(max-width: 1920px) 100vw, 1920px\" \/><\/div>\n\t\n\n<div\n\tstyle=\"margin-top:var(--wp--preset--spacing--default);margin-bottom:var(--wp--preset--spacing--default);\" class=\"wac-heading-text wac-heading-text--centered-type wac-heading-text--big-title-size wac-heading-text--has-no-text wp-block-waldorf-astoria-heading-text\" id=\"wac-heading-text-69dee5ad46fc0\">\n\n\t<div class=\"wac-heading-text__content\">\n\t\t\n\t\t\t\t<h1 class=\"wac-heading-text__subheading is-subheading\">\n\t\t\tGaler\u00eda\t\t<\/h1>\n\t\t\t\n\t\t<h2 class=\"wac-heading-text__title\">\n\t\t\tImag\u00ednese aqu\u00ed\t\t<\/h2>\n\n\t\t\n\t\t\n\t\t\n\t\t\n\t\t\n\t<\/div>\n\n<\/div>\n\t\n\n<div\n\tstyle=\"margin-top:var(--wp--preset--spacing--default);margin-bottom:var(--wp--preset--spacing--medium);\" class=\"wac-gallery wp-block-waldorf-astoria-gallery\" id=\"wac-gallery-69dee5ad476f3\">\n\n\t<div\n\tclass=\"wac-block-simple-filter wac-block-simple-filter--has-border-line wp-block-waldorf-astoria-block-simple-filter\" id=\"wac-block-simple-filter-69dee5ad48442\" data-on-filter-callback=\"\" data-after-filter-callback=\"WACGallery.afterFilter\" data-filter-name=\"filter\">\n\n\t<div class=\"wac-block-simple-filter__list\">\n\t\t<div class=\"wac-block-simple-filter__item\">\n\t\t\t<a href=\"\" class=\"wac-block-simple-filter__link is-active\">Todos<\/a>\n\t\t<\/div>\n\t\t\t\t<div class=\"wac-block-simple-filter__item\">\n\t\t\t<a href=\"#hotel\" class=\"wac-block-simple-filter__link\">HOTEL<\/a>\n\t\t<\/div>\n\t\t\t\t\t<div class=\"wac-block-simple-filter__item\">\n\t\t\t<a href=\"#resort\" class=\"wac-block-simple-filter__link\">RESORT<\/a>\n\t\t<\/div>\n\t\t\t\t\t<div class=\"wac-block-simple-filter__item\">\n\t\t\t<a href=\"#rooms-suites\" class=\"wac-block-simple-filter__link\">HABITACIONES Y SUITES<\/a>\n\t\t<\/div>\n\t\t\t\t\t<div class=\"wac-block-simple-filter__item\">\n\t\t\t<a href=\"#dining\" class=\"wac-block-simple-filter__link\">RESTAURANTES<\/a>\n\t\t<\/div>\n\t\t\t\t\t<div class=\"wac-block-simple-filter__item\">\n\t\t\t<a href=\"#celebrations\" class=\"wac-block-simple-filter__link\">CELEBRACIONES<\/a>\n\t\t<\/div>\n\t\t\t\t\t<div class=\"wac-block-simple-filter__item\">\n\t\t\t<a href=\"#spa\" class=\"wac-block-simple-filter__link\">SPA<\/a>\n\t\t<\/div>\n\t\t\t\t<\/div>\n\n\t<div class=\"wac-block-simple-filter__mobile\">\n\t\t<select class=\"wac-block-simple-filter__mobile-select\">\n\t\t\t<option class=\"wac-block-simple-filter__mobile-option\" value=\"\">Todos<\/option>\n\t\t\t\t\t\t<option class=\"wac-block-simple-filter__mobile-option\" value=\"hotel\">\n\t\t\t\tHOTEL\t\t\t<\/option>\n\t\t\t\t\t\t\t<option class=\"wac-block-simple-filter__mobile-option\" value=\"resort\">\n\t\t\t\tRESORT\t\t\t<\/option>\n\t\t\t\t\t\t\t<option class=\"wac-block-simple-filter__mobile-option\" value=\"rooms-suites\">\n\t\t\t\tHABITACIONES Y SUITES\t\t\t<\/option>\n\t\t\t\t\t\t\t<option class=\"wac-block-simple-filter__mobile-option\" value=\"dining\">\n\t\t\t\tRESTAURANTES\t\t\t<\/option>\n\t\t\t\t\t\t\t<option class=\"wac-block-simple-filter__mobile-option\" value=\"celebrations\">\n\t\t\t\tCELEBRACIONES\t\t\t<\/option>\n\t\t\t\t\t\t\t<option class=\"wac-block-simple-filter__mobile-option\" value=\"spa\">\n\t\t\t\tSPA\t\t\t<\/option>\n\t\t\t\t\t\t<\/select>\n\t<\/div>\n\n<\/div>\n\t\n\t<div class=\"wac-gallery__list\">\n\t\t<div class=\"wac-gallery__gutter-sizer\"><\/div>\n\t\t\t<div class=\"wac-gallery__item is-shown\" data-filter=\"{&quot;filter&quot;:[&quot;hotel&quot;,&quot;resort&quot;]}\">\n\t\t\t<img loading=\"lazy\" decoding=\"async\" width=\"1024\" height=\"575\" src=\"https:\/\/waldorfastoria-rivieramaya.com\/wp-content\/uploads\/2025\/02\/Waldorf-Astoria-Cancun-_-Architecture-2-1-1024x575.webp\" class=\"wac-gallery__image\" alt=\"La impresionante fachada completa del complejo Waldorf Astoria Canc\u00fan en M\u00e9xico, con vistas a una playa virgen de arenas doradas y aguas turquesas.\" srcset=\"https:\/\/waldorfastoria-rivieramaya.com\/wp-content\/uploads\/2025\/02\/Waldorf-Astoria-Cancun-_-Architecture-2-1-1024x575.webp 1024w, https:\/\/waldorfastoria-rivieramaya.com\/wp-content\/uploads\/2025\/02\/Waldorf-Astoria-Cancun-_-Architecture-2-1-300x169.webp 300w, https:\/\/waldorfastoria-rivieramaya.com\/wp-content\/uploads\/2025\/02\/Waldorf-Astoria-Cancun-_-Architecture-2-1-768x432.webp 768w, https:\/\/waldorfastoria-rivieramaya.com\/wp-content\/uploads\/2025\/02\/Waldorf-Astoria-Cancun-_-Architecture-2-1-1536x863.webp 1536w, https:\/\/waldorfastoria-rivieramaya.com\/wp-content\/uploads\/2025\/02\/Waldorf-Astoria-Cancun-_-Architecture-2-1.webp 1920w\" sizes=\"(max-width: 1024px) 100vw, 1024px\" \/>\t\t<\/div>\n\t\t\t\t<div class=\"wac-gallery__item is-shown\" data-filter=\"{&quot;filter&quot;:[&quot;rooms-suites&quot;]}\">\n\t\t\t<img loading=\"lazy\" decoding=\"async\" width=\"1024\" height=\"683\" src=\"https:\/\/waldorfastoria-rivieramaya.com\/wp-content\/uploads\/2024\/10\/selector-suite-1024x683.jpg\" class=\"wac-gallery__image\" alt=\"Amplia suite con elegante zona de estar, mesa de comedor de m\u00e1rmol y vistas al oc\u00e9ano.\" srcset=\"https:\/\/waldorfastoria-rivieramaya.com\/wp-content\/uploads\/2024\/10\/selector-suite-1024x683.jpg 1024w, https:\/\/waldorfastoria-rivieramaya.com\/wp-content\/uploads\/2024\/10\/selector-suite-300x200.jpg 300w, https:\/\/waldorfastoria-rivieramaya.com\/wp-content\/uploads\/2024\/10\/selector-suite-768x512.jpg 768w, https:\/\/waldorfastoria-rivieramaya.com\/wp-content\/uploads\/2024\/10\/selector-suite-1536x1024.jpg 1536w, https:\/\/waldorfastoria-rivieramaya.com\/wp-content\/uploads\/2024\/10\/selector-suite-2048x1365.jpg 2048w\" sizes=\"(max-width: 1024px) 100vw, 1024px\" \/>\t\t<\/div>\n\t\t\t\t<div class=\"wac-gallery__item is-shown\" data-filter=\"{&quot;filter&quot;:[&quot;rooms-suites&quot;]}\">\n\t\t\t<img loading=\"lazy\" decoding=\"async\" width=\"1024\" height=\"681\" src=\"https:\/\/waldorfastoria-rivieramaya.com\/wp-content\/uploads\/2024\/10\/selector-room-1024x681.jpg\" class=\"wac-gallery__image\" alt=\"Elegante habitaci\u00f3n con cama de matrimonio, TV y acceso privado a la piscina\" srcset=\"https:\/\/waldorfastoria-rivieramaya.com\/wp-content\/uploads\/2024\/10\/selector-room-1024x681.jpg 1024w, https:\/\/waldorfastoria-rivieramaya.com\/wp-content\/uploads\/2024\/10\/selector-room-300x200.jpg 300w, https:\/\/waldorfastoria-rivieramaya.com\/wp-content\/uploads\/2024\/10\/selector-room-768x511.jpg 768w, https:\/\/waldorfastoria-rivieramaya.com\/wp-content\/uploads\/2024\/10\/selector-room-1536x1021.jpg 1536w, https:\/\/waldorfastoria-rivieramaya.com\/wp-content\/uploads\/2024\/10\/selector-room-2048x1362.jpg 2048w\" sizes=\"(max-width: 1024px) 100vw, 1024px\" \/>\t\t<\/div>\n\t\t\t\t<div class=\"wac-gallery__item is-shown\" data-filter=\"{&quot;filter&quot;:[&quot;rooms-suites&quot;]}\">\n\t\t\t<img loading=\"lazy\" decoding=\"async\" width=\"1024\" height=\"681\" src=\"https:\/\/waldorfastoria-rivieramaya.com\/wp-content\/uploads\/2024\/10\/selector-multi-1024x681.jpg\" class=\"wac-gallery__image\" alt=\"Suite luminosa con dos camas, balc\u00f3n privado y vistas al oc\u00e9ano\" srcset=\"https:\/\/waldorfastoria-rivieramaya.com\/wp-content\/uploads\/2024\/10\/selector-multi-1024x681.jpg 1024w, https:\/\/waldorfastoria-rivieramaya.com\/wp-content\/uploads\/2024\/10\/selector-multi-300x200.jpg 300w, https:\/\/waldorfastoria-rivieramaya.com\/wp-content\/uploads\/2024\/10\/selector-multi-768x511.jpg 768w, https:\/\/waldorfastoria-rivieramaya.com\/wp-content\/uploads\/2024\/10\/selector-multi-1536x1022.jpg 1536w, https:\/\/waldorfastoria-rivieramaya.com\/wp-content\/uploads\/2024\/10\/selector-multi-2048x1363.jpg 2048w\" sizes=\"(max-width: 1024px) 100vw, 1024px\" \/>\t\t<\/div>\n\t\t\t\t<div class=\"wac-gallery__item is-shown\" data-filter=\"{&quot;filter&quot;:[&quot;hotel&quot;,&quot;resort&quot;]}\">\n\t\t\t<img loading=\"lazy\" decoding=\"async\" width=\"1024\" height=\"561\" src=\"https:\/\/waldorfastoria-rivieramaya.com\/wp-content\/uploads\/2025\/02\/hero-gallery-1-1024x561.webp\" class=\"wac-gallery__image\" alt=\"Vista a\u00e9rea del Waldorf Astoria Canc\u00fan, que muestra su elegante arquitectura junto al mar turquesa, rodeado de exuberante vegetaci\u00f3n y piscinas infinitas.\" srcset=\"https:\/\/waldorfastoria-rivieramaya.com\/wp-content\/uploads\/2025\/02\/hero-gallery-1-1024x561.webp 1024w, https:\/\/waldorfastoria-rivieramaya.com\/wp-content\/uploads\/2025\/02\/hero-gallery-1-300x164.webp 300w, https:\/\/waldorfastoria-rivieramaya.com\/wp-content\/uploads\/2025\/02\/hero-gallery-1-768x420.webp 768w, https:\/\/waldorfastoria-rivieramaya.com\/wp-content\/uploads\/2025\/02\/hero-gallery-1-1536x841.webp 1536w, https:\/\/waldorfastoria-rivieramaya.com\/wp-content\/uploads\/2025\/02\/hero-gallery-1.webp 1920w\" sizes=\"(max-width: 1024px) 100vw, 1024px\" \/>\t\t<\/div>\n\t\t\t\t<div class=\"wac-gallery__item is-shown\" data-filter=\"{&quot;filter&quot;:[&quot;hotel&quot;]}\">\n\t\t\t<img loading=\"lazy\" decoding=\"async\" width=\"1024\" height=\"632\" src=\"https:\/\/waldorfastoria-rivieramaya.com\/wp-content\/uploads\/2025\/02\/Waldorf-Astoria-Cancun-Lobby-2-1-1024x632.webp\" class=\"wac-gallery__image\" alt=\"Elegante vest\u00edbulo con mobiliario moderno, iluminaci\u00f3n c\u00e1lida y ambiente acogedor\" srcset=\"https:\/\/waldorfastoria-rivieramaya.com\/wp-content\/uploads\/2025\/02\/Waldorf-Astoria-Cancun-Lobby-2-1-1024x632.webp 1024w, https:\/\/waldorfastoria-rivieramaya.com\/wp-content\/uploads\/2025\/02\/Waldorf-Astoria-Cancun-Lobby-2-1-300x185.webp 300w, https:\/\/waldorfastoria-rivieramaya.com\/wp-content\/uploads\/2025\/02\/Waldorf-Astoria-Cancun-Lobby-2-1-768x474.webp 768w, https:\/\/waldorfastoria-rivieramaya.com\/wp-content\/uploads\/2025\/02\/Waldorf-Astoria-Cancun-Lobby-2-1.webp 1200w\" sizes=\"(max-width: 1024px) 100vw, 1024px\" \/>\t\t<\/div>\n\t\t\t\t<div class=\"wac-gallery__item is-shown\" data-filter=\"{&quot;filter&quot;:[&quot;hotel&quot;]}\">\n\t\t\t<img loading=\"lazy\" decoding=\"async\" width=\"1024\" height=\"683\" src=\"https:\/\/waldorfastoria-rivieramaya.com\/wp-content\/uploads\/2024\/10\/rooms-suites-heading-text-1024x683.jpg\" class=\"wac-gallery__image\" alt=\"Una hermosa vista desde un balc\u00f3n del Waldorf Astoria Canc\u00fan, con vistas a la fachada, la piscina y la playa.\" srcset=\"https:\/\/waldorfastoria-rivieramaya.com\/wp-content\/uploads\/2024\/10\/rooms-suites-heading-text-1024x683.jpg 1024w, https:\/\/waldorfastoria-rivieramaya.com\/wp-content\/uploads\/2024\/10\/rooms-suites-heading-text-300x200.jpg 300w, https:\/\/waldorfastoria-rivieramaya.com\/wp-content\/uploads\/2024\/10\/rooms-suites-heading-text-768x512.jpg 768w, https:\/\/waldorfastoria-rivieramaya.com\/wp-content\/uploads\/2024\/10\/rooms-suites-heading-text-1536x1024.jpg 1536w, https:\/\/waldorfastoria-rivieramaya.com\/wp-content\/uploads\/2024\/10\/rooms-suites-heading-text-2048x1366.jpg 2048w\" sizes=\"(max-width: 1024px) 100vw, 1024px\" \/>\t\t<\/div>\n\t\t\t\t<div class=\"wac-gallery__item is-shown\" data-filter=\"{&quot;filter&quot;:[&quot;dining&quot;]}\">\n\t\t\t<img loading=\"lazy\" decoding=\"async\" width=\"1024\" height=\"683\" src=\"https:\/\/waldorfastoria-rivieramaya.com\/wp-content\/uploads\/2024\/09\/text-image-01-1024x683.jpg\" class=\"wac-gallery__image\" alt=\"Una pareja disfruta de una velada nocturna en la zona superior con impresionantes vistas al oc\u00e9ano, creando un ambiente rom\u00e1ntico y sereno.\" srcset=\"https:\/\/waldorfastoria-rivieramaya.com\/wp-content\/uploads\/2024\/09\/text-image-01-1024x683.jpg 1024w, https:\/\/waldorfastoria-rivieramaya.com\/wp-content\/uploads\/2024\/09\/text-image-01-300x200.jpg 300w, https:\/\/waldorfastoria-rivieramaya.com\/wp-content\/uploads\/2024\/09\/text-image-01-768x512.jpg 768w, https:\/\/waldorfastoria-rivieramaya.com\/wp-content\/uploads\/2024\/09\/text-image-01-1536x1024.jpg 1536w, https:\/\/waldorfastoria-rivieramaya.com\/wp-content\/uploads\/2024\/09\/text-image-01-2048x1366.jpg 2048w\" sizes=\"(max-width: 1024px) 100vw, 1024px\" \/>\t\t<\/div>\n\t\t\t\t<div class=\"wac-gallery__item is-shown\" data-filter=\"{&quot;filter&quot;:[&quot;dining&quot;]}\">\n\t\t\t<img loading=\"lazy\" decoding=\"async\" width=\"1024\" height=\"545\" src=\"https:\/\/waldorfastoria-rivieramaya.com\/wp-content\/uploads\/2025\/02\/Waldorf-Astoria-Cancun-_-Diana-Baldera-DSC08598-1-1-1024x545.webp\" class=\"wac-gallery__image\" alt=\"Sommelier en el Waldorf Astoria Canc\u00fan dirigiendo una exclusiva cata de mezcal y tequila, mostrando selecciones de primera calidad en un ambiente elegante y sofisticado.\" srcset=\"https:\/\/waldorfastoria-rivieramaya.com\/wp-content\/uploads\/2025\/02\/Waldorf-Astoria-Cancun-_-Diana-Baldera-DSC08598-1-1-1024x545.webp 1024w, https:\/\/waldorfastoria-rivieramaya.com\/wp-content\/uploads\/2025\/02\/Waldorf-Astoria-Cancun-_-Diana-Baldera-DSC08598-1-1-300x160.webp 300w, https:\/\/waldorfastoria-rivieramaya.com\/wp-content\/uploads\/2025\/02\/Waldorf-Astoria-Cancun-_-Diana-Baldera-DSC08598-1-1-768x409.webp 768w, https:\/\/waldorfastoria-rivieramaya.com\/wp-content\/uploads\/2025\/02\/Waldorf-Astoria-Cancun-_-Diana-Baldera-DSC08598-1-1-1536x818.webp 1536w, https:\/\/waldorfastoria-rivieramaya.com\/wp-content\/uploads\/2025\/02\/Waldorf-Astoria-Cancun-_-Diana-Baldera-DSC08598-1-1.webp 1920w\" sizes=\"(max-width: 1024px) 100vw, 1024px\" \/>\t\t<\/div>\n\t\t\t\t<div class=\"wac-gallery__item is-shown\" data-filter=\"{&quot;filter&quot;:[&quot;dining&quot;]}\">\n\t\t\t<img loading=\"lazy\" decoding=\"async\" width=\"620\" height=\"680\" src=\"https:\/\/waldorfastoria-rivieramaya.com\/wp-content\/uploads\/2024\/09\/list-experience-02.png\" class=\"wac-gallery__image\" alt=\"Una elegante mujer disfruta de una copa de champ\u00e1n en el Waldorf Astoria, derrochando sofisticaci\u00f3n.\" srcset=\"https:\/\/waldorfastoria-rivieramaya.com\/wp-content\/uploads\/2024\/09\/list-experience-02.png 620w, https:\/\/waldorfastoria-rivieramaya.com\/wp-content\/uploads\/2024\/09\/list-experience-02-274x300.png 274w\" sizes=\"(max-width: 620px) 100vw, 620px\" \/>\t\t<\/div>\n\t\t\t\t<div class=\"wac-gallery__item is-shown\" data-filter=\"{&quot;filter&quot;:[&quot;dining&quot;]}\">\n\t\t\t<img loading=\"lazy\" decoding=\"async\" width=\"1024\" height=\"683\" src=\"https:\/\/waldorfastoria-rivieramaya.com\/wp-content\/uploads\/2024\/09\/list-image-1024x683.jpeg\" class=\"wac-gallery__image\" alt=\"Un camarero del Waldorf Astoria Canc\u00fan sirviendo un delicioso plato de vieiras con una refrescante copa de vino blanco en el elegante restaurante Malpeque.\" srcset=\"https:\/\/waldorfastoria-rivieramaya.com\/wp-content\/uploads\/2024\/09\/list-image-1024x683.jpeg 1024w, https:\/\/waldorfastoria-rivieramaya.com\/wp-content\/uploads\/2024\/09\/list-image-300x200.jpeg 300w, https:\/\/waldorfastoria-rivieramaya.com\/wp-content\/uploads\/2024\/09\/list-image-768x512.jpeg 768w, https:\/\/waldorfastoria-rivieramaya.com\/wp-content\/uploads\/2024\/09\/list-image-1536x1024.jpeg 1536w, https:\/\/waldorfastoria-rivieramaya.com\/wp-content\/uploads\/2024\/09\/list-image-2048x1366.jpeg 2048w\" sizes=\"(max-width: 1024px) 100vw, 1024px\" \/>\t\t<\/div>\n\t\t\t\t<div class=\"wac-gallery__item is-shown\" data-filter=\"{&quot;filter&quot;:[&quot;rooms-suites&quot;]}\">\n\t\t\t<img loading=\"lazy\" decoding=\"async\" width=\"870\" height=\"540\" src=\"https:\/\/waldorfastoria-rivieramaya.com\/wp-content\/uploads\/2024\/09\/image-03.png\" class=\"wac-gallery__image\" alt=\"Una lujosa habitaci\u00f3n de hotel en el Waldorf Astoria con cama king-size, TV e impresionantes vistas al oc\u00e9ano.\" srcset=\"https:\/\/waldorfastoria-rivieramaya.com\/wp-content\/uploads\/2024\/09\/image-03.png 870w, https:\/\/waldorfastoria-rivieramaya.com\/wp-content\/uploads\/2024\/09\/image-03-300x186.png 300w, https:\/\/waldorfastoria-rivieramaya.com\/wp-content\/uploads\/2024\/09\/image-03-768x477.png 768w\" sizes=\"(max-width: 870px) 100vw, 870px\" \/>\t\t<\/div>\n\t\t\t\t<div class=\"wac-gallery__item is-shown\" data-filter=\"{&quot;filter&quot;:[&quot;celebrations&quot;]}\">\n\t\t\t<img loading=\"lazy\" decoding=\"async\" width=\"1024\" height=\"683\" src=\"https:\/\/waldorfastoria-rivieramaya.com\/wp-content\/uploads\/2025\/02\/text-image-01-1024x683.webp\" class=\"wac-gallery__image\" alt=\"Una pareja disfruta de una velada nocturna en la zona superior con impresionantes vistas al oc\u00e9ano, creando un ambiente rom\u00e1ntico y sereno.\" srcset=\"https:\/\/waldorfastoria-rivieramaya.com\/wp-content\/uploads\/2025\/02\/text-image-01-1024x683.webp 1024w, https:\/\/waldorfastoria-rivieramaya.com\/wp-content\/uploads\/2025\/02\/text-image-01-300x200.webp 300w, https:\/\/waldorfastoria-rivieramaya.com\/wp-content\/uploads\/2025\/02\/text-image-01-768x512.webp 768w, https:\/\/waldorfastoria-rivieramaya.com\/wp-content\/uploads\/2025\/02\/text-image-01-1536x1024.webp 1536w, https:\/\/waldorfastoria-rivieramaya.com\/wp-content\/uploads\/2025\/02\/text-image-01.webp 1920w\" sizes=\"(max-width: 1024px) 100vw, 1024px\" \/>\t\t<\/div>\n\t\t\t\t<div class=\"wac-gallery__item is-shown\" data-filter=\"{&quot;filter&quot;:[&quot;spa&quot;]}\">\n\t\t\t<img loading=\"lazy\" decoding=\"async\" width=\"1024\" height=\"562\" src=\"https:\/\/waldorfastoria-rivieramaya.com\/wp-content\/uploads\/2025\/02\/hero-spa-1-1-1024x562.webp\" class=\"wac-gallery__image\" alt=\"Mujeres relaj\u00e1ndose y disfrutando del relajante y burbujeante spa del Waldorf Astoria spa\" srcset=\"https:\/\/waldorfastoria-rivieramaya.com\/wp-content\/uploads\/2025\/02\/hero-spa-1-1-1024x562.webp 1024w, https:\/\/waldorfastoria-rivieramaya.com\/wp-content\/uploads\/2025\/02\/hero-spa-1-1-300x165.webp 300w, https:\/\/waldorfastoria-rivieramaya.com\/wp-content\/uploads\/2025\/02\/hero-spa-1-1-768x422.webp 768w, https:\/\/waldorfastoria-rivieramaya.com\/wp-content\/uploads\/2025\/02\/hero-spa-1-1-1536x843.webp 1536w, https:\/\/waldorfastoria-rivieramaya.com\/wp-content\/uploads\/2025\/02\/hero-spa-1-1.webp 1920w\" sizes=\"(max-width: 1024px) 100vw, 1024px\" \/>\t\t<\/div>\n\t\t\t\t<div class=\"wac-gallery__item is-shown\" data-filter=\"{&quot;filter&quot;:[&quot;dining&quot;]}\">\n\t\t\t<img loading=\"lazy\" decoding=\"async\" width=\"1024\" height=\"683\" src=\"https:\/\/waldorfastoria-rivieramaya.com\/wp-content\/uploads\/2024\/09\/Waldorf-Astoria-Cancun-FB-4-1024x683.webp\" class=\"wac-gallery__image\" alt=\"Chefs en acci\u00f3n dentro de la cocina de Malpeque en el Waldorf Astoria Canc\u00fan, elaborando exquisitas creaciones culinarias.\" srcset=\"https:\/\/waldorfastoria-rivieramaya.com\/wp-content\/uploads\/2024\/09\/Waldorf-Astoria-Cancun-FB-4-1024x683.webp 1024w, https:\/\/waldorfastoria-rivieramaya.com\/wp-content\/uploads\/2024\/09\/Waldorf-Astoria-Cancun-FB-4-300x200.webp 300w, https:\/\/waldorfastoria-rivieramaya.com\/wp-content\/uploads\/2024\/09\/Waldorf-Astoria-Cancun-FB-4-768x512.webp 768w, https:\/\/waldorfastoria-rivieramaya.com\/wp-content\/uploads\/2024\/09\/Waldorf-Astoria-Cancun-FB-4-1536x1024.webp 1536w, https:\/\/waldorfastoria-rivieramaya.com\/wp-content\/uploads\/2024\/09\/Waldorf-Astoria-Cancun-FB-4.webp 1920w\" sizes=\"(max-width: 1024px) 100vw, 1024px\" \/>\t\t<\/div>\n\t\t\t<\/div>\n\n<\/div>\n<script type=\"text\/javascript\">\n\n<\/script>","protected":false},"excerpt":{"rendered":"","protected":false},"author":1,"featured_media":0,"parent":0,"menu_order":16,"comment_status":"closed","ping_status":"closed","template":"","meta":{"_acf_changed":false,"footnotes":""},"class_list":["post-235","page","type-page","status-publish","hentry"],"acf":[],"_links":{"self":[{"href":"https:\/\/waldorfastoria-rivieramaya.com\/es\/wp-json\/wp\/v2\/pages\/235","targetHints":{"allow":["GET"]}}],"collection":[{"href":"https:\/\/waldorfastoria-rivieramaya.com\/es\/wp-json\/wp\/v2\/pages"}],"about":[{"href":"https:\/\/waldorfastoria-rivieramaya.com\/es\/wp-json\/wp\/v2\/types\/page"}],"author":[{"embeddable":true,"href":"https:\/\/waldorfastoria-rivieramaya.com\/es\/wp-json\/wp\/v2\/users\/1"}],"replies":[{"embeddable":true,"href":"https:\/\/waldorfastoria-rivieramaya.com\/es\/wp-json\/wp\/v2\/comments?post=235"}],"version-history":[{"count":25,"href":"https:\/\/waldorfastoria-rivieramaya.com\/es\/wp-json\/wp\/v2\/pages\/235\/revisions"}],"predecessor-version":[{"id":2914,"href":"https:\/\/waldorfastoria-rivieramaya.com\/es\/wp-json\/wp\/v2\/pages\/235\/revisions\/2914"}],"wp:attachment":[{"href":"https:\/\/waldorfastoria-rivieramaya.com\/es\/wp-json\/wp\/v2\/media?parent=235"}],"curies":[{"name":"wp","href":"https:\/\/api.w.org\/{rel}","templated":true}]}}