{"id":606,"date":"2024-10-22T10:14:28","date_gmt":"2024-10-22T10:14:28","guid":{"rendered":"https:\/\/waldorfastoria-rivieramaya.com\/?page_id=606"},"modified":"2026-01-06T17:09:55","modified_gmt":"2026-01-06T17:09:55","slug":"ofertas-para-locales","status":"publish","type":"page","link":"https:\/\/waldorfastoria-rivieramaya.com\/es\/ofertas-para-locales\/","title":{"rendered":"Ofertas locales"},"content":{"rendered":"<div\n\tclass=\"wac-hero wac-hero--image wac-hero--is-not-bordered wp-block-waldorf-astoria-hero wp-block-hero-\" id=\"wac-hero-69defb829e94f\">\n\t<img loading=\"lazy\" decoding=\"async\" width=\"1920\" height=\"1280\" src=\"https:\/\/waldorfastoria-rivieramaya.com\/wp-content\/uploads\/2025\/02\/cancun-days.webp\" class=\"wac-hero__image\" alt=\"Una pareja se relaja en una cama balinesa al borde de la piscina infinita, disfrutando de exquisitos c\u00f3cteles en un d\u00eda espl\u00e9ndido en el Waldorf Astoria Canc\u00fan.\" srcset=\"https:\/\/waldorfastoria-rivieramaya.com\/wp-content\/uploads\/2025\/02\/cancun-days.webp 1920w, https:\/\/waldorfastoria-rivieramaya.com\/wp-content\/uploads\/2025\/02\/cancun-days-300x200.webp 300w, https:\/\/waldorfastoria-rivieramaya.com\/wp-content\/uploads\/2025\/02\/cancun-days-1024x683.webp 1024w, https:\/\/waldorfastoria-rivieramaya.com\/wp-content\/uploads\/2025\/02\/cancun-days-768x512.webp 768w, https:\/\/waldorfastoria-rivieramaya.com\/wp-content\/uploads\/2025\/02\/cancun-days-1536x1024.webp 1536w\" sizes=\"(max-width: 1920px) 100vw, 1920px\" \/><\/div>\n\t\n\n\n<div class=\"wp-block-group has-primary-background-color has-background\" style=\"padding-top:var(--wp--preset--spacing--small);padding-bottom:var(--wp--preset--spacing--small)\"><div class=\"wp-block-group__inner-container is-layout-constrained wp-block-group-is-layout-constrained\"><div\n\tclass=\"wac-heading-text wac-heading-text--image-text-type wac-heading-text--small-title-size wp-block-waldorf-astoria-heading-text\" id=\"wac-heading-text-69defb82a0db4\">\n\n\t<div class=\"wac-heading-text__content\">\n\t\t\n\t\t\t\t<h1 class=\"wac-heading-text__subheading is-subheading\">\n\t\t\tRESIDENTES EXCLUSIVOS\t\t<\/h1>\n\t\t\t\n\t\t<h2 class=\"wac-heading-text__title\">\n\t\t\tSPECIAL TARIFFS FOR NATIONAL TOURISM\t\t<\/h2>\n\n\t\t\t\t<div class=\"wac-heading-text__text is-text\">\n\t\t\t<p>Vive una experiencia inigualable en Waldorf Astoria Riviera Maya con nuestra tarifa exclusiva para residentes mexicanos. Disfruta hasta 40% de descuento en nuestra tarifa p\u00fablica, adem\u00e1s desayuno diario incluido para 2 personas, ni\u00f1os menores de 5 a\u00f1os se hospedan y desayunan gratis, hasta 20% de descuento en alimentos y bebidas, y hasta 40% de descuento en tratamientos corporales de Waldorf Astoria Spa.<\/p>\n\t\t<\/div>\n\t\t\t\n\t\t\n\t\t\t\t<div class=\"wac-heading-text__media\">\n\t\t\t<img loading=\"lazy\" decoding=\"async\" width=\"1728\" height=\"1152\" src=\"https:\/\/cdn.waldorfastoria-rivieramaya.com\/wp-content\/uploads\/2025\/06\/30212155\/Waldorf-Astoria-Spa-Cancun.jpg\" class=\"wac-heading-text__image\" alt=\"La pareja se relaja en la relajante corriente de la fuente central de la piscina.\" srcset=\"https:\/\/cdn.waldorfastoria-rivieramaya.com\/wp-content\/uploads\/2025\/06\/30212155\/Waldorf-Astoria-Spa-Cancun.jpg 1728w, https:\/\/cdn.waldorfastoria-rivieramaya.com\/wp-content\/uploads\/2025\/06\/30212155\/Waldorf-Astoria-Spa-Cancun-300x200.jpg 300w, https:\/\/cdn.waldorfastoria-rivieramaya.com\/wp-content\/uploads\/2025\/06\/30212155\/Waldorf-Astoria-Spa-Cancun-1024x683.jpg 1024w, https:\/\/cdn.waldorfastoria-rivieramaya.com\/wp-content\/uploads\/2025\/06\/30212155\/Waldorf-Astoria-Spa-Cancun-768x512.jpg 768w, https:\/\/cdn.waldorfastoria-rivieramaya.com\/wp-content\/uploads\/2025\/06\/30212155\/Waldorf-Astoria-Spa-Cancun-1536x1024.jpg 1536w, https:\/\/cdn.waldorfastoria-rivieramaya.com\/wp-content\/uploads\/2025\/06\/30212155\/Waldorf-Astoria-Spa-Cancun-18x12.jpg 18w\" sizes=\"(max-width: 1728px) 100vw, 1728px\" \/>\t\t<\/div>\n\t\t\t\n\t\t\n\t\t\t\t<div class=\"wac-heading-text__action-list is-action-list\">\n\t\t\t\t\t\t<div class=\"wac-heading-text__action-item is-action-item\">\n\t\t\t\t<a href=\"https:\/\/www.hilton.com\/en\/book\/reservation\/deeplink\/?&#038;ctyhocn=CUNWAWA&#038;srpCodes=P4&#038;arrivalDate=2026-01-01&#038;departureDate=2026-12-23&#038;flexibleDates=true&#038;displayCurrency=MXN\" class=\"wac-heading-text__action-link is-action-link nice-button nice-button--is-regular\" target=\"\" rel=\"noopener\">\n\t\t\t\t\tRESERVAR\t\t\t\t<\/a>\n\t\t\t<\/div>\n\t\t\t\t\t\t\t\t\t<div class=\"wac-heading-text__action-item is-action-item\">\n\t\t\t\t<a href=\"https:\/\/waldorfastoria-rivieramaya.com\/es\/ofertas-locales\/tarifas-exclusivas-para-mexicanos\/\" class=\"wac-heading-text__action-link is-action-link nice-button nice-button--is-featured\" target=\"\">\n\t\t\t\t\tM\u00c1S INFORMACI\u00d3N\t\t\t\t<\/a>\n\t\t\t<\/div>\n\t\t\t\t\t\t\t\t<\/div>\n\t\t\t\n\t<\/div>\n\n<\/div>\n\t<\/div><\/div>\n\n\n<span style=\"display: none\">HTTP_CLOUDFRONT_VIEWER_COUNTRY: US<\/span><span style=\"display: none\">pa\u00eds_actual: US<\/span><div style=\"margin-top:var(--wp--preset--spacing--medium);margin-bottom:var(--wp--preset--spacing--medium);\" class=\"wac-offer-list wp-block-waldorf-astoria-offer-list\" id=\"wac-offer-list-69defb82a2f0a\">\n\t<a name=\"offer-list\"><\/a>\n\n\t<div\n\tclass=\"wac-block-simple-filter wp-block-waldorf-astoria-block-simple-filter\" id=\"wac-block-simple-filter-69defb82a3b07\" data-on-filter-callback=\"\" data-after-filter-callback=\"\" data-filter-name=\"local-offer-category\">\n\n\t<div class=\"wac-block-simple-filter__list\">\n\t\t<div class=\"wac-block-simple-filter__item\">\n\t\t\t<a href=\"\" class=\"wac-block-simple-filter__link is-active\">Todo<\/a>\n\t\t<\/div>\n\t\t\t<\/div>\n\n\t<div class=\"wac-block-simple-filter__mobile\">\n\t\t<select class=\"wac-block-simple-filter__mobile-select\">\n\t\t\t<option class=\"wac-block-simple-filter__mobile-option\" value=\"\">Todo<\/option>\n\t\t\t\t\t<\/select>\n\t<\/div>\n\n<\/div>\n\t\n\t<div class=\"wac-offer-list__list\">\n\t\t\t<\/div>\n\n\t<div class=\"wac-offer-list__action\">\n\t\t<a href=\"#offer-list\" class=\"wac-offer-list__action-button nice-button\">\n\t\t\tSubir\t\t<\/a>\n\t<\/div>\n\n<\/div>","protected":false},"excerpt":{"rendered":"","protected":false},"author":1,"featured_media":0,"parent":0,"menu_order":13,"comment_status":"closed","ping_status":"closed","template":"","meta":{"_acf_changed":false,"footnotes":""},"class_list":["post-606","page","type-page","status-publish","hentry"],"acf":[],"_links":{"self":[{"href":"https:\/\/waldorfastoria-rivieramaya.com\/es\/wp-json\/wp\/v2\/pages\/606","targetHints":{"allow":["GET"]}}],"collection":[{"href":"https:\/\/waldorfastoria-rivieramaya.com\/es\/wp-json\/wp\/v2\/pages"}],"about":[{"href":"https:\/\/waldorfastoria-rivieramaya.com\/es\/wp-json\/wp\/v2\/types\/page"}],"author":[{"embeddable":true,"href":"https:\/\/waldorfastoria-rivieramaya.com\/es\/wp-json\/wp\/v2\/users\/1"}],"replies":[{"embeddable":true,"href":"https:\/\/waldorfastoria-rivieramaya.com\/es\/wp-json\/wp\/v2\/comments?post=606"}],"version-history":[{"count":25,"href":"https:\/\/waldorfastoria-rivieramaya.com\/es\/wp-json\/wp\/v2\/pages\/606\/revisions"}],"predecessor-version":[{"id":3487,"href":"https:\/\/waldorfastoria-rivieramaya.com\/es\/wp-json\/wp\/v2\/pages\/606\/revisions\/3487"}],"wp:attachment":[{"href":"https:\/\/waldorfastoria-rivieramaya.com\/es\/wp-json\/wp\/v2\/media?parent=606"}],"curies":[{"name":"wp","href":"https:\/\/api.w.org\/{rel}","templated":true}]}}