{"id":84,"date":"2024-09-12T10:45:11","date_gmt":"2024-09-12T10:45:11","guid":{"rendered":"https:\/\/waldorfastoria-rivieramaya.com\/?page_id=84"},"modified":"2026-02-17T15:47:20","modified_gmt":"2026-02-17T15:47:20","slug":"restaurantes-y-bares","status":"publish","type":"page","link":"https:\/\/waldorfastoria-rivieramaya.com\/es\/restaurantes-y-bares\/","title":{"rendered":"Dine and Drink"},"content":{"rendered":"<div\n\tclass=\"wac-hero wac-hero--video wac-hero--is-not-bordered wp-block-waldorf-astoria-hero wp-block-hero-\" id=\"wac-hero-69defb69907fc\">\n\t\t\t<video\n\t\t\tclass           = \"wac-hero__video\"\n\t\t\tautoplay        = \"true\"\n\t\t\tmuted           = \"true\"\n\t\t\tloop            = \"true\"\n\t\t\tplaysinline     = \"\"\n\t\t\tsrc             = \"https:\/\/cdn.waldorfastoria-rivieramaya.com\/wp-content\/uploads\/2025\/07\/29140905\/WA-FOOD-1.mp4\"\n\t\t\tdata-object-fit = \"hero\"\n\t\t><\/video>\n\t\t<\/div>\n\t\n\n<div\n\tstyle=\"margin-top:var(--wp--preset--spacing--default);margin-bottom:var(--wp--preset--spacing--default);\" class=\"wac-heading-text wac-heading-text--centered-type wac-heading-text--small-title-size wp-block-waldorf-astoria-heading-text\" id=\"wac-heading-text-69defb699227b\">\n\n\t<div class=\"wac-heading-text__content\">\n\t\t\n\t\t\t\t<h1 class=\"wac-heading-text__subheading is-subheading\">\n\t\t\tRESTAURANTES\t\t<\/h1>\n\t\t\t\n\t\t<h2 class=\"wac-heading-text__title\">\n\t\t\tSabores regionales e internacionales\t\t<\/h2>\n\n\t\t\t\t<div class=\"wac-heading-text__text is-text\">\n\t\t\t<p><span style=\"font-weight: 400\">Nuestros cinco restaurantes y bares comparten una pasi\u00f3n por los sabores vibrantes y la herencia cultural de M\u00e9xico, y una creencia permanente de que la comida deliciosa, preparada con amor e intenci\u00f3n, une a las personas y fomenta conexiones profundas y duraderas que nos enriquecen a todos.<\/span><\/p>\n\t\t<\/div>\n\t\t\t\n\t\t\n\t\t\n\t\t\n\t\t\n\t<\/div>\n\n<\/div>\n\t\n\n\n<div class=\"wp-block-group is-style-under-next-block has-clear-background-color has-background\" style=\"padding-top:var(--wp--preset--spacing--reduced);padding-bottom:var(--wp--preset--spacing--default)\"><div class=\"wp-block-group__inner-container is-layout-constrained wp-block-group-is-layout-constrained\"><\/div><\/div>\n\n\n<div\n\tstyle=\"margin-top:var(--wp--preset--spacing--default);margin-bottom:var(--wp--preset--spacing--medium);\" class=\"wac-featured-video has-block-background wp-block-waldorf-astoria-featured-video\" id=\"wac-featured-video-69defb699355e\" data-anchor=\"allow-us-to-cater-to-your-every-craving\">\n\n\t<div class=\"wac-featured-video__content\">\n\n\t\t\t\t<h2 class=\"wac-featured-video__subheading is-subheading\">\n\t\t\tEXPERIENCIAS GASTRON\u00d3MICAS\t\t<\/h2>\n\t\t\t\n\t\t<h3 class=\"wac-featured-video__title\">\n\t\t\tPerm\u00edtanos satisfacer todos sus antojos\t\t<\/h3>\n\n\t\t\t\t<div class=\"wac-featured-video__text is-text\">\n\t\t\t<p><span style=\"font-weight: 400\">Desde un ceviche al aire libre a la hora del almuerzo hasta una elegante cena de mariscos al horno de le\u00f1a, pasando por una copa de tequila... y mucho m\u00e1s, los diferentes ambientes y especialidades de nuestros restaurantes y bares ponen de relieve las experiencias m\u00e1s memorables y tentadoras de la gastronom\u00eda de la Riviera Maya.<\/span><\/p>\n\t\t<\/div>\n\t\t\t\n\t\t\t\t<div class=\"wac-featured-video__action-list is-action-list\">\n\t\t\t\t\t\t<div class=\"wac-featured-video__action-item is-action-item\">\n\t\t\t\t<a href=\"https:\/\/waldorfastoria-rivieramaya.com\/es\/experiencias-con-libros\/#!\/search?categoryIds=72853c9a-ddec-426d-a5f9-ee7792006698\" class=\"wac-featured-video__action-link is-action-link nice-button nice-button--is-featured\" target=\"_blank\">\n\t\t\t\t\tExperiencias exclusivas\t\t\t\t<\/a>\n\t\t\t<\/div>\n\t\t\t\t\t\t\t<\/div>\n\t\t\t\t<\/div>\n\n\t\t<div class=\"wac-featured-video__media\">\n\t\t<video\n\t\t\tclass=\"wac-featured-video__video\"\n\t\t\tsrc=\"https:\/\/cdn.waldorfastoria-rivieramaya.com\/wp-content\/uploads\/2025\/05\/29155151\/Wa-Cancun-Shortvideo-Cookingclass-Diana-Baldera-Web.mp4\"\n\t\t\tposter=\"https:\/\/waldorfastoria-rivieramaya.com\/wp-content\/uploads\/2024\/09\/Waldorf-Astoria-Cancun-FB-4.webp\"\n            aria-label=\"Perm\u00edtanos satisfacer todos sus antojos\"\n\t\t><\/video>\n\t\t<a type=\"button\" role=\"button\" class=\"wac-featured-video__video-button\" aria-label=\"Jugar Perm\u00edtanos satisfacer todos sus antojos\">\n\t\t\t<svg width=\"68\" height=\"68\" viewbox=\"0 0 68 68\" fill=\"none\" xmlns=\"http:\/\/www.w3.org\/2000\/svg\" role=\"img\" aria-hidden=\"true\">\n\t\t\t\t<circle cx=\"34\" cy=\"34\" r=\"33.5\" stroke=\"white\"\/>\n\t\t\t\t<path d=\"M44.3477 33.6305L29.3803 42.2719L29.3803 24.9891L44.3477 33.6305Z\" fill=\"white\"\/>\n\t\t\t<\/svg>\n\t\t<\/a>\n\t<\/div>\n\t\t\n<\/div>\n<script type=\"text\/javascript\">\n\twindow.addEventListener('load', function(event) {\n\t\tdocument.addEventListener('click', function (event) {\n\t\t\tif (event.target.closest('.wac-featured-video__video-button')) {\n\t\t\t\tevent.preventDefault();\n\t\t\t\tevent.target.closest('.wac-featured-video__video-button').style.display = 'none';\n\t\t\t\tevent.target.closest('.wac-featured-video__media').querySelector('video').play();\n\t\t\t}\n\t\t}, false);\n\t}, false );\n<\/script>\n\t\n\n<div\n\tstyle=\"margin-top:var(--wp--preset--spacing--medium);margin-bottom:var(--wp--preset--spacing--medium);\" class=\"wac-restaurant-list wp-block-waldorf-astoria-restaurant-list\" id=\"wac-restaurant-list-69defb6997a51\">\n\n\t<a name=\"restaurant-list\"><\/a>\n\n\t<div\n\tclass=\"wac-block-navigation wac-block-navigation--default-type wac-block-navigation--has-border-line wp-block-waldorf-astoria-block-navigation\" id=\"wac-block-navigation-69defb699a4ec\">\n\n\t<div class=\"wac-block-navigation__list\">\n\t\t\t\t<div class=\"wac-block-navigation__item\">\n\t\t\t<a href=\"\" class=\"wac-block-navigation__link\">Todos<\/a>\n\t\t<\/div>\n\t\t\t\t\t\t\t<div class=\"wac-block-navigation__item\">\n\t\t\t<a href=\"#malpeque\" class=\"wac-block-navigation__link\">MALPEQUE<\/a>\n\t\t<\/div>\n\t\t\t\t\t<div class=\"wac-block-navigation__item\">\n\t\t\t<a href=\"#jao\" class=\"wac-block-navigation__link\">JA'O<\/a>\n\t\t<\/div>\n\t\t\t\t\t<div class=\"wac-block-navigation__item\">\n\t\t\t<a href=\"#chaya\" class=\"wac-block-navigation__link\">CHAYA<\/a>\n\t\t<\/div>\n\t\t\t\t\t<div class=\"wac-block-navigation__item\">\n\t\t\t<a href=\"#peacock-alley\" class=\"wac-block-navigation__link\">PEACOCK ALLEY<\/a>\n\t\t<\/div>\n\t\t\t\t\t<div class=\"wac-block-navigation__item\">\n\t\t\t<a href=\"#pool-bar\" class=\"wac-block-navigation__link\">POOL BAR<\/a>\n\t\t<\/div>\n\t\t\t\t\t<div class=\"wac-block-navigation__item\">\n\t\t\t<a href=\"#in-room-dining\" class=\"wac-block-navigation__link\">IN ROOM DINING<\/a>\n\t\t<\/div>\n\t\t\t\t<\/div>\n\t\t<div class=\"wac-block-navigation__mobile\">\n\t\t<select class=\"wac-block-navigation__mobile-select\">\n\t\t\t\t\t\t<option class=\"wac-block-navigation__mobile-option\" value=\"\">Todos<\/option>\n\t\t\t\t\t\t\t\t\t\t<option class=\"wac-block-navigation__mobile-option\" value=\"malpeque\">\n\t\t\t\tMALPEQUE\t\t\t<\/option>\n\t\t\t\t\t\t\t<option class=\"wac-block-navigation__mobile-option\" value=\"jao\">\n\t\t\t\tJA'O\t\t\t<\/option>\n\t\t\t\t\t\t\t<option class=\"wac-block-navigation__mobile-option\" value=\"chaya\">\n\t\t\t\tCHAYA\t\t\t<\/option>\n\t\t\t\t\t\t\t<option class=\"wac-block-navigation__mobile-option\" value=\"peacock-alley\">\n\t\t\t\tPEACOCK ALLEY\t\t\t<\/option>\n\t\t\t\t\t\t\t<option class=\"wac-block-navigation__mobile-option\" value=\"pool-bar\">\n\t\t\t\tPOOL BAR\t\t\t<\/option>\n\t\t\t\t\t\t\t<option class=\"wac-block-navigation__mobile-option\" value=\"in-room-dining\">\n\t\t\t\tIN ROOM DINING\t\t\t<\/option>\n\t\t\t\t\t\t<\/select>\n\t<\/div>\n\t\t\n<\/div>\n\t\n\t<div class=\"wac-restaurant-list__list\">\n\t\t<div\n\tclass=\"wac-hover-resource swiper-slide has-block-background wp-block-waldorf-astoria-hover-resource\" id=\"wac-hover-resource-69defb699f912\" data-anchor=\"malpeque\" data-filter=\"{&quot;filter&quot;:[&quot;3d-tour&quot;]}\">\n\t<div class=\"wac-hover-resource__media\">\n\t\t<img loading=\"lazy\" decoding=\"async\" width=\"2560\" height=\"1707\" src=\"https:\/\/cdn.waldorfastoria-rivieramaya.com\/wp-content\/uploads\/2025\/09\/07162313\/Malpeque-Food-3-scaled.jpg\" class=\"wac-hover-resource__image\" alt=\"Waldorf Astoria Riviera Maya, restaurante Malpeque.\" srcset=\"https:\/\/cdn.waldorfastoria-rivieramaya.com\/wp-content\/uploads\/2025\/09\/07162313\/Malpeque-Food-3-scaled.jpg 2560w, https:\/\/cdn.waldorfastoria-rivieramaya.com\/wp-content\/uploads\/2025\/09\/07162313\/Malpeque-Food-3-300x200.jpg 300w, https:\/\/cdn.waldorfastoria-rivieramaya.com\/wp-content\/uploads\/2025\/09\/07162313\/Malpeque-Food-3-1024x683.jpg 1024w, https:\/\/cdn.waldorfastoria-rivieramaya.com\/wp-content\/uploads\/2025\/09\/07162313\/Malpeque-Food-3-768x512.jpg 768w, https:\/\/cdn.waldorfastoria-rivieramaya.com\/wp-content\/uploads\/2025\/09\/07162313\/Malpeque-Food-3-1536x1024.jpg 1536w, https:\/\/cdn.waldorfastoria-rivieramaya.com\/wp-content\/uploads\/2025\/09\/07162313\/Malpeque-Food-3-2048x1365.jpg 2048w, https:\/\/cdn.waldorfastoria-rivieramaya.com\/wp-content\/uploads\/2025\/09\/07162313\/Malpeque-Food-3-18x12.jpg 18w\" sizes=\"(max-width: 2560px) 100vw, 2560px\" \/>\t<\/div>\n\t<div class=\"wac-hover-resource__content\">\n\t\t<h2 class=\"wac-hover-resource__title\">\n\t\t\t<img loading=\"lazy\" decoding=\"async\" width=\"207\" height=\"44\" src=\"https:\/\/waldorfastoria-rivieramaya.com\/wp-content\/uploads\/2024\/09\/restaurant-logo.svg\" class=\"wac-hover-resource__logo\" alt=\"logotipo del restaurante Waldorf Astoria Cancun\" srcset=\"\" \/>\t\t<\/h2>\n\t\t<div class=\"wac-hover-resource__excerpt is-text\">Nuestro elegante restaurante de autor ofrece marisco fresco y c\u00f3cteles artesanales, todos preparados con elementos de humo, carb\u00f3n o fuego.  Malpeque rinde homenaje al legado del oc\u00e9ano a trav\u00e9s de una refinada cocina al fuego, de origen sostenible y enriquecida con Sal de Celest\u00fan artesanal. Un santuario \u00edntimo para una velada marcada por las llamas y el mar.<\/div>\n\t\t\t\t<div class=\"wac-hover-resource__action-list is-action-list\">\n\t\t\t\t\t\t<div class=\"wac-hover-resource__action-item is-action-item\">\n\t\t\t\t<a href=\"https:\/\/www.opentable.com.mx\/restref\/client\/?restref=1265113&#038;lang=en&#038;ot_source=Restaurant%20website&#038;corrid=0ebee379-824b-4487-9cdc-a2cb17c1cefc\" class=\"wac-hover-resource__action-item-link is-action-link nice-button nice-button--is-featured\" target=\"_blank\" rel=\"noopener\">\n\t\t\t\t\tReserve ahora\t\t\t\t<\/a>\n\t\t\t<\/div>\n\t\t\t\t\t\t\t<div class=\"wac-hover-resource__action-item is-action-item\">\n\t\t\t\t<a href=\"https:\/\/waldorfastoria-rivieramaya.com\/es\/restaurantes-y-bares\/malpeque\/\" class=\"wac-hover-resource__action-item-link is-action-link nice-button nice-button--is-regular\" target=\"_self\">\n\t\t\t\t\tM\u00e1s informaci\u00f3n\t\t\t\t<\/a>\n\t\t\t<\/div>\n\t\t\t\t\t\t<\/div>\n\t\t\t\t<\/div>\n\n\t\t<div class=\"wac-hover-resource__tag-list is-tag-list\">\n\t\t\t\t\t\t<a class=\"wac-hover-resource__tag-item is-tag-item\" href=\"https:\/\/visitingmedia.com\/tt8\/?ttid=waldorf-astoria-cancun#\/360?group=0&#038;tour=4&#038;b11t0=1&#038;a10ph=1\" target=\"_blank\" rel=\"noopener\">\n\t\t\t\t\tVisita en 3D\t\t\t\t<\/a>\n\t\t\t\t\t\t<\/div>\n\t\t<\/div>\n\t<div\n\tclass=\"wac-hover-resource swiper-slide has-block-background wp-block-waldorf-astoria-hover-resource\" id=\"wac-hover-resource-69defb69a837b\" data-anchor=\"jao\" data-filter=\"{&quot;filter&quot;:[&quot;3d-tour&quot;]}\">\n\t<div class=\"wac-hover-resource__media\">\n\t\t<img loading=\"lazy\" decoding=\"async\" width=\"1920\" height=\"1280\" src=\"https:\/\/waldorfastoria-rivieramaya.com\/wp-content\/uploads\/2024\/09\/Waldorf-Astoria-Cancun-Yucatan-Lechon-Pork-Taco-at-JAO.webp\" class=\"wac-hover-resource__image\" alt=\"Esponjosas tortitas con bacon crujiente y salsas, maravillosamente servidas en JA&#039;O\" srcset=\"https:\/\/waldorfastoria-rivieramaya.com\/wp-content\/uploads\/2024\/09\/Waldorf-Astoria-Cancun-Yucatan-Lechon-Pork-Taco-at-JAO.webp 1920w, https:\/\/waldorfastoria-rivieramaya.com\/wp-content\/uploads\/2024\/09\/Waldorf-Astoria-Cancun-Yucatan-Lechon-Pork-Taco-at-JAO-300x200.webp 300w, https:\/\/waldorfastoria-rivieramaya.com\/wp-content\/uploads\/2024\/09\/Waldorf-Astoria-Cancun-Yucatan-Lechon-Pork-Taco-at-JAO-1024x683.webp 1024w, https:\/\/waldorfastoria-rivieramaya.com\/wp-content\/uploads\/2024\/09\/Waldorf-Astoria-Cancun-Yucatan-Lechon-Pork-Taco-at-JAO-768x512.webp 768w, https:\/\/waldorfastoria-rivieramaya.com\/wp-content\/uploads\/2024\/09\/Waldorf-Astoria-Cancun-Yucatan-Lechon-Pork-Taco-at-JAO-1536x1024.webp 1536w\" sizes=\"(max-width: 1920px) 100vw, 1920px\" \/>\t<\/div>\n\t<div class=\"wac-hover-resource__content\">\n\t\t<h2 class=\"wac-hover-resource__title\">\n\t\t\t<img loading=\"lazy\" decoding=\"async\" width=\"108\" height=\"36\" src=\"https:\/\/waldorfastoria-rivieramaya.com\/wp-content\/uploads\/2024\/09\/jao-logo.png\" class=\"wac-hover-resource__logo\" alt=\"jao logo de Waldor Astoria Cancun Mexico\" srcset=\"\" \/>\t\t<\/h2>\n\t\t<div class=\"wac-hover-resource__excerpt is-text\">Inspirado en las emblem\u00e1ticas cantinas al aire libre de M\u00e9xico, JA'O establece un nuevo est\u00e1ndar para cl\u00e1sicos como los tacos de pescado del d\u00eda, el ceviche, las tapas y los churros.<\/div>\n\t\t\t\t<div class=\"wac-hover-resource__action-list is-action-list\">\n\t\t\t\t\t\t<div class=\"wac-hover-resource__action-item is-action-item\">\n\t\t\t\t<a href=\"https:\/\/waldorfastoria-rivieramaya.com\/es\/restaurantes-y-bares\/jao\/\" class=\"wac-hover-resource__action-item-link is-action-link nice-button nice-button--is-regular\" target=\"_self\">\n\t\t\t\t\tM\u00e1s informaci\u00f3n\t\t\t\t<\/a>\n\t\t\t<\/div>\n\t\t\t\t\t\t<\/div>\n\t\t\t\t<\/div>\n\n\t\t<div class=\"wac-hover-resource__tag-list is-tag-list\">\n\t\t\t\t\t\t<a class=\"wac-hover-resource__tag-item is-tag-item\" href=\"https:\/\/visitingmedia.com\/tt8\/?ttid=waldorf-astoria-cancun#\/360?group=0&#038;tour=7&#038;b11t0=1&#038;a10ph=1\" target=\"_blank\" rel=\"noopener\">\n\t\t\t\t\tVisita en 3D\t\t\t\t<\/a>\n\t\t\t\t\t\t<\/div>\n\t\t<\/div>\n\t<div\n\tclass=\"wac-hover-resource swiper-slide has-block-background wp-block-waldorf-astoria-hover-resource\" id=\"wac-hover-resource-69defb69b08a7\" data-anchor=\"chaya\" data-filter=\"{&quot;filter&quot;:[&quot;3d-tour&quot;]}\">\n\t<div class=\"wac-hover-resource__media\">\n\t\t<img loading=\"lazy\" decoding=\"async\" width=\"1365\" height=\"2048\" src=\"https:\/\/cdn.waldorfastoria-rivieramaya.com\/wp-content\/uploads\/2025\/10\/23214614\/DSC02088.jpg\" class=\"wac-hover-resource__image\" alt=\"Terraza Chaya, desayuno\" srcset=\"https:\/\/cdn.waldorfastoria-rivieramaya.com\/wp-content\/uploads\/2025\/10\/23214614\/DSC02088.jpg 1365w, https:\/\/cdn.waldorfastoria-rivieramaya.com\/wp-content\/uploads\/2025\/10\/23214614\/DSC02088-200x300.jpg 200w, https:\/\/cdn.waldorfastoria-rivieramaya.com\/wp-content\/uploads\/2025\/10\/23214614\/DSC02088-683x1024.jpg 683w, https:\/\/cdn.waldorfastoria-rivieramaya.com\/wp-content\/uploads\/2025\/10\/23214614\/DSC02088-768x1152.jpg 768w, https:\/\/cdn.waldorfastoria-rivieramaya.com\/wp-content\/uploads\/2025\/10\/23214614\/DSC02088-1024x1536.jpg 1024w, https:\/\/cdn.waldorfastoria-rivieramaya.com\/wp-content\/uploads\/2025\/10\/23214614\/DSC02088-8x12.jpg 8w\" sizes=\"(max-width: 1365px) 100vw, 1365px\" \/>\t<\/div>\n\t<div class=\"wac-hover-resource__content\">\n\t\t<h2 class=\"wac-hover-resource__title\">\n\t\t\t<img loading=\"lazy\" decoding=\"async\" width=\"151\" height=\"68\" src=\"https:\/\/waldorfastoria-rivieramaya.com\/wp-content\/uploads\/2024\/09\/chaya-logo.svg\" class=\"wac-hover-resource__logo\" alt=\"Logotipo de Chaya del Waldorf Astoria Canc\u00fan\" srcset=\"\" \/>\t\t<\/h2>\n\t\t<div class=\"wac-hover-resource__excerpt is-text\">Para desayunar o comer, Chaya se especializa en la imaginativa preparaci\u00f3n de alimentos de temporada procedentes de excepcionales proveedores locales.<\/div>\n\t\t\t\t<div class=\"wac-hover-resource__action-list is-action-list\">\n\t\t\t\t\t\t<div class=\"wac-hover-resource__action-item is-action-item\">\n\t\t\t\t<a href=\"https:\/\/waldorfastoria-rivieramaya.com\/es\/restaurantes-y-bares\/chaya\/\" class=\"wac-hover-resource__action-item-link is-action-link nice-button nice-button--is-regular\" target=\"_self\">\n\t\t\t\t\tM\u00e1s informaci\u00f3n\t\t\t\t<\/a>\n\t\t\t<\/div>\n\t\t\t\t\t\t<\/div>\n\t\t\t\t<\/div>\n\n\t\t<div class=\"wac-hover-resource__tag-list is-tag-list\">\n\t\t\t\t\t\t<a class=\"wac-hover-resource__tag-item is-tag-item\" href=\"https:\/\/visitingmedia.com\/tt8\/?ttid=waldorf-astoria-cancun#\/360?group=0&#038;tour=8&#038;b11t0=1&#038;a10ph=1\" target=\"_blank\" rel=\"noopener\">\n\t\t\t\t\tVisita en 3D\t\t\t\t<\/a>\n\t\t\t\t\t\t<\/div>\n\t\t<\/div>\n\t<div\n\tclass=\"wac-hover-resource swiper-slide has-block-background wp-block-waldorf-astoria-hover-resource\" id=\"wac-hover-resource-69defb69b8039\" data-anchor=\"peacock-alley\" data-filter=\"{&quot;filter&quot;:[&quot;3d-tour&quot;]}\">\n\t<div class=\"wac-hover-resource__media\">\n\t\t<img loading=\"lazy\" decoding=\"async\" width=\"795\" height=\"1200\" src=\"https:\/\/cdn.waldorfastoria-rivieramaya.com\/wp-content\/uploads\/2025\/06\/29034736\/Waldorf-Astoria-Cancun-Peacock-Alley-4.jpg\" class=\"wac-hover-resource__image\" alt=\"Una elegante copa de vino tinto est\u00e1 bellamente colocada sobre la pulida mesa.\" srcset=\"https:\/\/cdn.waldorfastoria-rivieramaya.com\/wp-content\/uploads\/2025\/06\/29034736\/Waldorf-Astoria-Cancun-Peacock-Alley-4.jpg 795w, https:\/\/cdn.waldorfastoria-rivieramaya.com\/wp-content\/uploads\/2025\/06\/29034736\/Waldorf-Astoria-Cancun-Peacock-Alley-4-199x300.jpg 199w, https:\/\/cdn.waldorfastoria-rivieramaya.com\/wp-content\/uploads\/2025\/06\/29034736\/Waldorf-Astoria-Cancun-Peacock-Alley-4-678x1024.jpg 678w, https:\/\/cdn.waldorfastoria-rivieramaya.com\/wp-content\/uploads\/2025\/06\/29034736\/Waldorf-Astoria-Cancun-Peacock-Alley-4-768x1159.jpg 768w, https:\/\/cdn.waldorfastoria-rivieramaya.com\/wp-content\/uploads\/2025\/06\/29034736\/Waldorf-Astoria-Cancun-Peacock-Alley-4-8x12.jpg 8w\" sizes=\"(max-width: 795px) 100vw, 795px\" \/>\t<\/div>\n\t<div class=\"wac-hover-resource__content\">\n\t\t<h2 class=\"wac-hover-resource__title\">\n\t\t\t<img loading=\"lazy\" decoding=\"async\" width=\"207\" height=\"63\" src=\"https:\/\/waldorfastoria-rivieramaya.com\/wp-content\/uploads\/2024\/09\/peacock-logo.png\" class=\"wac-hover-resource__logo\" alt=\"Logotipo del pavo real del Waldorf Astoria Canc\u00fan en M\u00e9xico\" srcset=\"\" \/>\t\t<\/h2>\n\t\t<div class=\"wac-hover-resource__excerpt is-text\">Nuestro bar del vest\u00edbulo, Peacock Alley, tan resplandeciente como su hom\u00f3nimo, es un elegante lugar de encuentro desde el caf\u00e9 de primera hora de la ma\u00f1ana hasta las copas nocturnas.<\/div>\n\t\t\t\t<div class=\"wac-hover-resource__action-list is-action-list\">\n\t\t\t\t\t\t<div class=\"wac-hover-resource__action-item is-action-item\">\n\t\t\t\t<a href=\"https:\/\/waldorfastoria-rivieramaya.com\/es\/restaurantes-y-bares\/pasaje-peacock\/\" class=\"wac-hover-resource__action-item-link is-action-link nice-button nice-button--is-regular\" target=\"_self\">\n\t\t\t\t\tM\u00e1s informaci\u00f3n\t\t\t\t<\/a>\n\t\t\t<\/div>\n\t\t\t\t\t\t<\/div>\n\t\t\t\t<\/div>\n\n\t\t<div class=\"wac-hover-resource__tag-list is-tag-list\">\n\t\t\t\t\t\t<a class=\"wac-hover-resource__tag-item is-tag-item\" href=\"https:\/\/visitingmedia.com\/tt8\/?ttid=waldorf-astoria-cancun#\/360?group=0&#038;tour=6&#038;b11t0=1&#038;a10ph=1\" target=\"_blank\" rel=\"noopener\">\n\t\t\t\t\tVisita en 3D\t\t\t\t<\/a>\n\t\t\t\t\t\t<\/div>\n\t\t<\/div>\n\t<div\n\tclass=\"wac-hover-resource swiper-slide has-block-background wp-block-waldorf-astoria-hover-resource\" id=\"wac-hover-resource-69defb69bed99\" data-anchor=\"pool-bar\" data-filter=\"{&quot;filter&quot;:[&quot;3d-tour&quot;]}\">\n\t<div class=\"wac-hover-resource__media\">\n\t\t<img loading=\"lazy\" decoding=\"async\" width=\"760\" height=\"540\" src=\"https:\/\/waldorfastoria-rivieramaya.com\/wp-content\/uploads\/2025\/02\/image-02-1.webp\" class=\"wac-hover-resource__image\" alt=\"Vistas del bar de la piscina desde las aguas turquesas de la piscina, resaltando un ambiente sereno y acogedor.\" srcset=\"https:\/\/waldorfastoria-rivieramaya.com\/wp-content\/uploads\/2025\/02\/image-02-1.webp 760w, https:\/\/waldorfastoria-rivieramaya.com\/wp-content\/uploads\/2025\/02\/image-02-1-300x213.webp 300w\" sizes=\"(max-width: 760px) 100vw, 760px\" \/>\t<\/div>\n\t<div class=\"wac-hover-resource__content\">\n\t\t<h2 class=\"wac-hover-resource__title\">\n\t\t\tPOOL BAR\t\t<\/h2>\n\t\t<div class=\"wac-hover-resource__excerpt is-text\">Del\u00e9itese con deliciosos platillos ligeros y refrescantes c\u00f3cteles tropicales en nuestro restaurante al aire libre junto a la piscina.\r\n\r\n<\/div>\n\t\t\t\t<div class=\"wac-hover-resource__action-list is-action-list\">\n\t\t\t\t\t\t<div class=\"wac-hover-resource__action-item is-action-item\">\n\t\t\t\t<a href=\"https:\/\/waldorfastoria-rivieramaya.com\/es\/restaurantes-y-bares\/bar-en-la-piscina\/\" class=\"wac-hover-resource__action-item-link is-action-link nice-button nice-button--is-regular\" target=\"_self\">\n\t\t\t\t\tM\u00e1s informaci\u00f3n\t\t\t\t<\/a>\n\t\t\t<\/div>\n\t\t\t\t\t\t<\/div>\n\t\t\t\t<\/div>\n\n\t\t<div class=\"wac-hover-resource__tag-list is-tag-list\">\n\t\t\t\t\t\t<a class=\"wac-hover-resource__tag-item is-tag-item\" href=\"https:\/\/visitingmedia.com\/tt8\/?ttid=waldorf-astoria-cancun#\/360?group=0&#038;tour=14&#038;b11t0=1&#038;a10ph=1\" target=\"_blank\" rel=\"noopener\">\n\t\t\t\t\tVisita en 3D\t\t\t\t<\/a>\n\t\t\t\t\t\t<\/div>\n\t\t<\/div>\n\t<div\n\tclass=\"wac-hover-resource swiper-slide has-block-background wp-block-waldorf-astoria-hover-resource\" id=\"wac-hover-resource-69defb69c45ab\" data-anchor=\"in-room-dining\" data-filter=\"{&quot;filter&quot;:[]}\">\n\t<div class=\"wac-hover-resource__media\">\n\t\t<img loading=\"lazy\" decoding=\"async\" width=\"620\" height=\"680\" src=\"https:\/\/waldorfastoria-rivieramaya.com\/wp-content\/uploads\/2024\/09\/in-room-dining-list.png\" class=\"wac-hover-resource__image\" alt=\"Un delicioso y lujoso desayuno servido en una elegante mesa de m\u00e1rmol, con impresionantes vistas visibles a trav\u00e9s de la ventana.\" srcset=\"https:\/\/waldorfastoria-rivieramaya.com\/wp-content\/uploads\/2024\/09\/in-room-dining-list.png 620w, https:\/\/waldorfastoria-rivieramaya.com\/wp-content\/uploads\/2024\/09\/in-room-dining-list-274x300.png 274w\" sizes=\"(max-width: 620px) 100vw, 620px\" \/>\t<\/div>\n\t<div class=\"wac-hover-resource__content\">\n\t\t<h2 class=\"wac-hover-resource__title\">\n\t\t\tIN ROOM DINING\t\t<\/h2>\n\t\t<div class=\"wac-hover-resource__excerpt is-text\">Disfrute del servicio de alimentos en la habitaci\u00f3n 24 horas, que ofrece un variado men\u00fa de exquisitos platos elaborados con los mejores ingredientes. <\/div>\n\t\t\t\t<div class=\"wac-hover-resource__action-list is-action-list\">\n\t\t\t\t\t\t<div class=\"wac-hover-resource__action-item is-action-item\">\n\t\t\t\t<a href=\"https:\/\/waldorfastoria-rivieramaya.com\/es\/restaurantes-y-bares\/servicio-de-comida-en-la-habitacion\/\" class=\"wac-hover-resource__action-item-link is-action-link nice-button nice-button--is-regular\" target=\"_self\">\n\t\t\t\t\tM\u00e1s informaci\u00f3n\t\t\t\t<\/a>\n\t\t\t<\/div>\n\t\t\t\t\t\t<\/div>\n\t\t\t\t<\/div>\n\n\t<\/div>\n\t\t<\/div>\n\n\t<div class=\"wac-restaurant-list__action\">\n\t\t<a href=\"#restaurant-list\" class=\"wac-restaurant-list__action-button nice-button\">\n\t\t\tSubir\t\t<\/a>\n\t<\/div>\n\n<\/div>","protected":false},"excerpt":{"rendered":"","protected":false},"author":1,"featured_media":0,"parent":0,"menu_order":5,"comment_status":"closed","ping_status":"closed","template":"","meta":{"_acf_changed":false,"footnotes":""},"class_list":["post-84","page","type-page","status-publish","hentry"],"acf":[],"_links":{"self":[{"href":"https:\/\/waldorfastoria-rivieramaya.com\/es\/wp-json\/wp\/v2\/pages\/84","targetHints":{"allow":["GET"]}}],"collection":[{"href":"https:\/\/waldorfastoria-rivieramaya.com\/es\/wp-json\/wp\/v2\/pages"}],"about":[{"href":"https:\/\/waldorfastoria-rivieramaya.com\/es\/wp-json\/wp\/v2\/types\/page"}],"author":[{"embeddable":true,"href":"https:\/\/waldorfastoria-rivieramaya.com\/es\/wp-json\/wp\/v2\/users\/1"}],"replies":[{"embeddable":true,"href":"https:\/\/waldorfastoria-rivieramaya.com\/es\/wp-json\/wp\/v2\/comments?post=84"}],"version-history":[{"count":48,"href":"https:\/\/waldorfastoria-rivieramaya.com\/es\/wp-json\/wp\/v2\/pages\/84\/revisions"}],"predecessor-version":[{"id":3629,"href":"https:\/\/waldorfastoria-rivieramaya.com\/es\/wp-json\/wp\/v2\/pages\/84\/revisions\/3629"}],"wp:attachment":[{"href":"https:\/\/waldorfastoria-rivieramaya.com\/es\/wp-json\/wp\/v2\/media?parent=84"}],"curies":[{"name":"wp","href":"https:\/\/api.w.org\/{rel}","templated":true}]}}